{"id":13027,"date":"2023-05-25T07:35:27","date_gmt":"2023-05-25T07:35:27","guid":{"rendered":"https:\/\/designingmedia.com\/artelligence\/?page_id=13027"},"modified":"2024-12-10T10:35:32","modified_gmt":"2024-12-10T10:35:32","slug":"blog","status":"publish","type":"page","link":"https:\/\/yasateknoloji.com\/en\/blog\/","title":{"rendered":"Blog"},"content":{"rendered":"<div data-elementor-type=\"wp-page\" data-elementor-id=\"13027\" class=\"elementor elementor-13027\" data-elementor-post-type=\"page\">\n\t\t\t\t<div class=\"elementor-element elementor-element-460932e e-flex e-con-boxed wpr-particle-no wpr-jarallax-no wpr-parallax-no wpr-sticky-section-no e-con e-parent\" data-id=\"460932e\" data-element_type=\"container\">\n\t\t\t\t\t<div class=\"e-con-inner\">\n\t\t\t\t<div class=\"elementor-element elementor-element-63d357c elementor-widget elementor-widget-blog-post\" data-id=\"63d357c\" data-element_type=\"widget\" data-widget_type=\"blog-post.default\">\n\t\t\t\t<div class=\"elementor-widget-container\">\n\t\t\t<div class=\"news_articles_section position-relative\"><div class=\"row\" data-aos=\"fade-up\">\t\t\t\t<div class=\"col-lg-4 col-md-4 col-sm-12 col-12\">\r\n\t\t\t\t\t<div class=\"news_articles_box\">\r\n\t\t\t\t\t\t<a href=\"https:\/\/yasateknoloji.com\/en\/busbar-ile-pcb-baglantisi-ve-busbar-pcb-tasarimi-gucun-ve-guvenilirligin-birlesimi\/\">\r\n\t\t\t\t\t\t\t<figure class=\"mb-0\">\r\n\t\t\t\t\t\t\t\t<img fetchpriority=\"high\" decoding=\"async\" width=\"597\" height=\"421\" src=\"https:\/\/yasateknoloji.com\/wp-content\/uploads\/2025\/10\/Adsiz23.png\" class=\"attachment-full size-full wp-post-image\" alt=\"\" srcset=\"https:\/\/yasateknoloji.com\/wp-content\/uploads\/2025\/10\/Adsiz23.png 597w, https:\/\/yasateknoloji.com\/wp-content\/uploads\/2025\/10\/Adsiz23-300x212.png 300w, https:\/\/yasateknoloji.com\/wp-content\/uploads\/2025\/10\/Adsiz23-18x12.png 18w\" sizes=\"(max-width: 597px) 100vw, 597px\" \/>\t\t\t\t\t\t\t<\/figure>\r\n\t\t\t\t\t\t<\/a>\r\n\t\t\t\t\t\t<div class=\"news_articles_box_content\">\r\n\t\t\t\t\t\t\t\t\t\t\t\t\t\t<div class=\"span_wrapper\">\r\n\t\t\t\t\t\t\t\t<span>Oct 08, 2025<\/span>\r\n\t\t\t\t\t\t\t\t<span class=\"dash\">-<\/span>\r\n\t\t\t\t\t\t\t\t<span>0 Comments<\/span>\r\n\t\t\t\t\t\t\t<\/div>\r\n\t\t\t\t\t\t\t\t\t\t\t\t\t\t<a href=\"https:\/\/yasateknoloji.com\/en\/busbar-ile-pcb-baglantisi-ve-busbar-pcb-tasarimi-gucun-ve-guvenilirligin-birlesimi\/\">\r\n\t\t\t\t\t\t\t\t<h5 class=\"heading-txt\">BusBar ile PCB Ba\u011flant\u0131s\u0131 ve BusBar PCB Tasar\u0131m\u0131: G\u00fcc\u00fcn ve G\u00fcvenilirli\u011fin Birle\u015fimi<\/h5>\r\n\t\t\t\t\t\t\t<\/a>\r\n\t\t\t\t\t\t\t<p class=\"blog-post-contents\">Elektronik sistemlerde g\u00fc\u00e7 iletimi denildi\u011finde, \u00f6zellikle y\u00fcksek ak\u0131m ve&hellip;<\/p>\r\n\t\t\t\t\t\t<\/div>\r\n\t\t\t\t\t<\/div>\r\n\t\t\t\t<\/div>\r\n\t\t\t\t\t\t\t\t<div class=\"col-lg-4 col-md-4 col-sm-12 col-12\">\r\n\t\t\t\t\t<div class=\"news_articles_box\">\r\n\t\t\t\t\t\t<a href=\"https:\/\/yasateknoloji.com\/en\/elektronik-uretimde-ipc-standartlari-kaliteyi-ve-guvenilirligi-saglamanin-yolu\/\">\r\n\t\t\t\t\t\t\t<figure class=\"mb-0\">\r\n\t\t\t\t\t\t\t\t<img decoding=\"async\" width=\"352\" height=\"512\" src=\"https:\/\/yasateknoloji.com\/wp-content\/uploads\/2025\/03\/256.png\" class=\"attachment-full size-full wp-post-image\" alt=\"\" srcset=\"https:\/\/yasateknoloji.com\/wp-content\/uploads\/2025\/03\/256.png 352w, https:\/\/yasateknoloji.com\/wp-content\/uploads\/2025\/03\/256-206x300.png 206w, https:\/\/yasateknoloji.com\/wp-content\/uploads\/2025\/03\/256-8x12.png 8w\" sizes=\"(max-width: 352px) 100vw, 352px\" \/>\t\t\t\t\t\t\t<\/figure>\r\n\t\t\t\t\t\t<\/a>\r\n\t\t\t\t\t\t<div class=\"news_articles_box_content\">\r\n\t\t\t\t\t\t\t\t\t\t\t\t\t\t<div class=\"span_wrapper\">\r\n\t\t\t\t\t\t\t\t<span>Mar 29, 2025<\/span>\r\n\t\t\t\t\t\t\t\t<span class=\"dash\">-<\/span>\r\n\t\t\t\t\t\t\t\t<span>0 Comments<\/span>\r\n\t\t\t\t\t\t\t<\/div>\r\n\t\t\t\t\t\t\t\t\t\t\t\t\t\t<a href=\"https:\/\/yasateknoloji.com\/en\/elektronik-uretimde-ipc-standartlari-kaliteyi-ve-guvenilirligi-saglamanin-yolu\/\">\r\n\t\t\t\t\t\t\t\t<h5 class=\"heading-txt\">IPC Standards in Electronics Manufacturing: The Way to Ensure Quality and Reliability<\/h5>\r\n\t\t\t\t\t\t\t<\/a>\r\n\t\t\t\t\t\t\t<p class=\"blog-post-contents\">Today's electronic production processes are able to keep pace with rapidly advancing technology...<\/p>\r\n\t\t\t\t\t\t<\/div>\r\n\t\t\t\t\t<\/div>\r\n\t\t\t\t<\/div>\r\n\t\t\t\t\t\t\t\t<div class=\"col-lg-4 col-md-4 col-sm-12 col-12\">\r\n\t\t\t\t\t<div class=\"news_articles_box\">\r\n\t\t\t\t\t\t<a href=\"https:\/\/yasateknoloji.com\/en\/pcb-yollarinda-empedans-esitleme\/\">\r\n\t\t\t\t\t\t\t<figure class=\"mb-0\">\r\n\t\t\t\t\t\t\t\t<img decoding=\"async\" width=\"1128\" height=\"756\" src=\"https:\/\/yasateknoloji.com\/wp-content\/uploads\/2025\/03\/Adsiz235.png\" class=\"attachment-full size-full wp-post-image\" alt=\"\" srcset=\"https:\/\/yasateknoloji.com\/wp-content\/uploads\/2025\/03\/Adsiz235.png 1128w, https:\/\/yasateknoloji.com\/wp-content\/uploads\/2025\/03\/Adsiz235-300x201.png 300w, https:\/\/yasateknoloji.com\/wp-content\/uploads\/2025\/03\/Adsiz235-1024x686.png 1024w, https:\/\/yasateknoloji.com\/wp-content\/uploads\/2025\/03\/Adsiz235-768x515.png 768w, https:\/\/yasateknoloji.com\/wp-content\/uploads\/2025\/03\/Adsiz235-18x12.png 18w, https:\/\/yasateknoloji.com\/wp-content\/uploads\/2025\/03\/Adsiz235-600x402.png 600w\" sizes=\"(max-width: 1128px) 100vw, 1128px\" \/>\t\t\t\t\t\t\t<\/figure>\r\n\t\t\t\t\t\t<\/a>\r\n\t\t\t\t\t\t<div class=\"news_articles_box_content\">\r\n\t\t\t\t\t\t\t\t\t\t\t\t\t\t<div class=\"span_wrapper\">\r\n\t\t\t\t\t\t\t\t<span>Mar 06, 2025<\/span>\r\n\t\t\t\t\t\t\t\t<span class=\"dash\">-<\/span>\r\n\t\t\t\t\t\t\t\t<span>0 Comments<\/span>\r\n\t\t\t\t\t\t\t<\/div>\r\n\t\t\t\t\t\t\t\t\t\t\t\t\t\t<a href=\"https:\/\/yasateknoloji.com\/en\/pcb-yollarinda-empedans-esitleme\/\">\r\n\t\t\t\t\t\t\t\t<h5 class=\"heading-txt\">Impedance Equalization on PCB Traces<\/h5>\r\n\t\t\t\t\t\t\t<\/a>\r\n\t\t\t\t\t\t\t<p class=\"blog-post-contents\">A Critical Step for High-Frequency Designs Today's electronic\u2026<\/p>\r\n\t\t\t\t\t\t<\/div>\r\n\t\t\t\t\t<\/div>\r\n\t\t\t\t<\/div>\r\n\t\t\t\t\t\t\t\t<div class=\"col-lg-4 col-md-4 col-sm-12 col-12\">\r\n\t\t\t\t\t<div class=\"news_articles_box\">\r\n\t\t\t\t\t\t<a href=\"https:\/\/yasateknoloji.com\/en\/elektronik-uretimde-maliyeti-azaltma-stratejileri\/\">\r\n\t\t\t\t\t\t\t<figure class=\"mb-0\">\r\n\t\t\t\t\t\t\t\t<img loading=\"lazy\" decoding=\"async\" width=\"1920\" height=\"1278\" src=\"https:\/\/yasateknoloji.com\/wp-content\/uploads\/2025\/03\/PCB-SMT.jpg\" class=\"attachment-full size-full wp-post-image\" alt=\"\" srcset=\"https:\/\/yasateknoloji.com\/wp-content\/uploads\/2025\/03\/PCB-SMT.jpg 1920w, https:\/\/yasateknoloji.com\/wp-content\/uploads\/2025\/03\/PCB-SMT-300x200.jpg 300w, https:\/\/yasateknoloji.com\/wp-content\/uploads\/2025\/03\/PCB-SMT-1024x682.jpg 1024w, https:\/\/yasateknoloji.com\/wp-content\/uploads\/2025\/03\/PCB-SMT-768x511.jpg 768w, https:\/\/yasateknoloji.com\/wp-content\/uploads\/2025\/03\/PCB-SMT-1536x1022.jpg 1536w, https:\/\/yasateknoloji.com\/wp-content\/uploads\/2025\/03\/PCB-SMT-18x12.jpg 18w, https:\/\/yasateknoloji.com\/wp-content\/uploads\/2025\/03\/PCB-SMT-600x399.jpg 600w\" sizes=\"(max-width: 1920px) 100vw, 1920px\" \/>\t\t\t\t\t\t\t<\/figure>\r\n\t\t\t\t\t\t<\/a>\r\n\t\t\t\t\t\t<div class=\"news_articles_box_content\">\r\n\t\t\t\t\t\t\t\t\t\t\t\t\t\t<div class=\"span_wrapper\">\r\n\t\t\t\t\t\t\t\t<span>Mar 03, 2025<\/span>\r\n\t\t\t\t\t\t\t\t<span class=\"dash\">-<\/span>\r\n\t\t\t\t\t\t\t\t<span>0 Comments<\/span>\r\n\t\t\t\t\t\t\t<\/div>\r\n\t\t\t\t\t\t\t\t\t\t\t\t\t\t<a href=\"https:\/\/yasateknoloji.com\/en\/elektronik-uretimde-maliyeti-azaltma-stratejileri\/\">\r\n\t\t\t\t\t\t\t\t<h5 class=\"heading-txt\">Cost Reduction Strategies in Electronics Manufacturing<\/h5>\r\n\t\t\t\t\t\t\t<\/a>\r\n\t\t\t\t\t\t\t<p class=\"blog-post-contents\">Cost Reduction Strategies in Electronics Production The electronics production process, technology\u2026<\/p>\r\n\t\t\t\t\t\t<\/div>\r\n\t\t\t\t\t<\/div>\r\n\t\t\t\t<\/div>\r\n\t\t\t\t\t\t\t\t<div class=\"col-lg-4 col-md-4 col-sm-12 col-12\">\r\n\t\t\t\t\t<div class=\"news_articles_box\">\r\n\t\t\t\t\t\t<a href=\"https:\/\/yasateknoloji.com\/en\/esnek-elektronikler-ve-giyilebilir-teknolojiler-teknolojinin-gelecegi\/\">\r\n\t\t\t\t\t\t\t<figure class=\"mb-0\">\r\n\t\t\t\t\t\t\t\t<img loading=\"lazy\" decoding=\"async\" width=\"1500\" height=\"1000\" src=\"https:\/\/yasateknoloji.com\/wp-content\/uploads\/2024\/12\/esnek-elektronikler-ve-giyilebilir-teknolojiler-teknolojinin-gelecegi-1.jpg\" class=\"attachment-full size-full wp-post-image\" alt=\"\" srcset=\"https:\/\/yasateknoloji.com\/wp-content\/uploads\/2024\/12\/esnek-elektronikler-ve-giyilebilir-teknolojiler-teknolojinin-gelecegi-1.jpg 1500w, https:\/\/yasateknoloji.com\/wp-content\/uploads\/2024\/12\/esnek-elektronikler-ve-giyilebilir-teknolojiler-teknolojinin-gelecegi-1-300x200.jpg 300w, https:\/\/yasateknoloji.com\/wp-content\/uploads\/2024\/12\/esnek-elektronikler-ve-giyilebilir-teknolojiler-teknolojinin-gelecegi-1-1024x683.jpg 1024w, https:\/\/yasateknoloji.com\/wp-content\/uploads\/2024\/12\/esnek-elektronikler-ve-giyilebilir-teknolojiler-teknolojinin-gelecegi-1-768x512.jpg 768w, https:\/\/yasateknoloji.com\/wp-content\/uploads\/2024\/12\/esnek-elektronikler-ve-giyilebilir-teknolojiler-teknolojinin-gelecegi-1-18x12.jpg 18w, https:\/\/yasateknoloji.com\/wp-content\/uploads\/2024\/12\/esnek-elektronikler-ve-giyilebilir-teknolojiler-teknolojinin-gelecegi-1-600x400.jpg 600w\" sizes=\"(max-width: 1500px) 100vw, 1500px\" \/>\t\t\t\t\t\t\t<\/figure>\r\n\t\t\t\t\t\t<\/a>\r\n\t\t\t\t\t\t<div class=\"news_articles_box_content\">\r\n\t\t\t\t\t\t\t\t\t\t\t\t\t\t<div class=\"span_wrapper\">\r\n\t\t\t\t\t\t\t\t<span>Dec 04, 2024<\/span>\r\n\t\t\t\t\t\t\t\t<span class=\"dash\">-<\/span>\r\n\t\t\t\t\t\t\t\t<span>0 Comments<\/span>\r\n\t\t\t\t\t\t\t<\/div>\r\n\t\t\t\t\t\t\t\t\t\t\t\t\t\t<a href=\"https:\/\/yasateknoloji.com\/en\/esnek-elektronikler-ve-giyilebilir-teknolojiler-teknolojinin-gelecegi\/\">\r\n\t\t\t\t\t\t\t\t<h5 class=\"heading-txt\">Flexible Electronics and Wearables: The Future of Technology<\/h5>\r\n\t\t\t\t\t\t\t<\/a>\r\n\t\t\t\t\t\t\t<p class=\"blog-post-contents\">In recent years, flexible electronics and wearable technologies have become a trend in the technology world\u2026<\/p>\r\n\t\t\t\t\t\t<\/div>\r\n\t\t\t\t\t<\/div>\r\n\t\t\t\t<\/div>\r\n\t\t\t\t\t\t\t\t<div class=\"col-lg-4 col-md-4 col-sm-12 col-12\">\r\n\t\t\t\t\t<div class=\"news_articles_box\">\r\n\t\t\t\t\t\t<a href=\"https:\/\/yasateknoloji.com\/en\/akilli-uretim-teknolojileri-ve-endustri-4-0\/\">\r\n\t\t\t\t\t\t\t<figure class=\"mb-0\">\r\n\t\t\t\t\t\t\t\t<img loading=\"lazy\" decoding=\"async\" width=\"1500\" height=\"1000\" src=\"https:\/\/yasateknoloji.com\/wp-content\/uploads\/2024\/12\/akilli-uretim-teknolojileri-ve-endustri-4-0-1.jpg\" class=\"attachment-full size-full wp-post-image\" alt=\"\" srcset=\"https:\/\/yasateknoloji.com\/wp-content\/uploads\/2024\/12\/akilli-uretim-teknolojileri-ve-endustri-4-0-1.jpg 1500w, https:\/\/yasateknoloji.com\/wp-content\/uploads\/2024\/12\/akilli-uretim-teknolojileri-ve-endustri-4-0-1-300x200.jpg 300w, https:\/\/yasateknoloji.com\/wp-content\/uploads\/2024\/12\/akilli-uretim-teknolojileri-ve-endustri-4-0-1-1024x683.jpg 1024w, https:\/\/yasateknoloji.com\/wp-content\/uploads\/2024\/12\/akilli-uretim-teknolojileri-ve-endustri-4-0-1-768x512.jpg 768w, https:\/\/yasateknoloji.com\/wp-content\/uploads\/2024\/12\/akilli-uretim-teknolojileri-ve-endustri-4-0-1-18x12.jpg 18w, https:\/\/yasateknoloji.com\/wp-content\/uploads\/2024\/12\/akilli-uretim-teknolojileri-ve-endustri-4-0-1-600x400.jpg 600w\" sizes=\"(max-width: 1500px) 100vw, 1500px\" \/>\t\t\t\t\t\t\t<\/figure>\r\n\t\t\t\t\t\t<\/a>\r\n\t\t\t\t\t\t<div class=\"news_articles_box_content\">\r\n\t\t\t\t\t\t\t\t\t\t\t\t\t\t<div class=\"span_wrapper\">\r\n\t\t\t\t\t\t\t\t<span>Dec 03, 2024<\/span>\r\n\t\t\t\t\t\t\t\t<span class=\"dash\">-<\/span>\r\n\t\t\t\t\t\t\t\t<span>0 Comments<\/span>\r\n\t\t\t\t\t\t\t<\/div>\r\n\t\t\t\t\t\t\t\t\t\t\t\t\t\t<a href=\"https:\/\/yasateknoloji.com\/en\/akilli-uretim-teknolojileri-ve-endustri-4-0\/\">\r\n\t\t\t\t\t\t\t\t<h5 class=\"heading-txt\">Smart Manufacturing Technologies and Industry 4.0<\/h5>\r\n\t\t\t\t\t\t\t<\/a>\r\n\t\t\t\t\t\t\t<p class=\"blog-post-contents\">Important in terms of efficiency, quality and flexibility in the electronics manufacturing sector\u2026<\/p>\r\n\t\t\t\t\t\t<\/div>\r\n\t\t\t\t\t<\/div>\r\n\t\t\t\t<\/div>\r\n\t\t\t\t\t\t\t\t<div class=\"col-lg-4 col-md-4 col-sm-12 col-12\">\r\n\t\t\t\t\t<div class=\"news_articles_box\">\r\n\t\t\t\t\t\t<a href=\"https:\/\/yasateknoloji.com\/en\/elektronik-uretiminde-kalite-kontrolu-ve-hatalarin-azaltilmasi\/\">\r\n\t\t\t\t\t\t\t<figure class=\"mb-0\">\r\n\t\t\t\t\t\t\t\t<img loading=\"lazy\" decoding=\"async\" width=\"1498\" height=\"1000\" src=\"https:\/\/yasateknoloji.com\/wp-content\/uploads\/2024\/12\/elektronik-uretiminde-kalite-kontrolu-ve-hatalarin-azaltilmasi-1.jpeg\" class=\"attachment-full size-full wp-post-image\" alt=\"\" srcset=\"https:\/\/yasateknoloji.com\/wp-content\/uploads\/2024\/12\/elektronik-uretiminde-kalite-kontrolu-ve-hatalarin-azaltilmasi-1.jpeg 1498w, https:\/\/yasateknoloji.com\/wp-content\/uploads\/2024\/12\/elektronik-uretiminde-kalite-kontrolu-ve-hatalarin-azaltilmasi-1-300x200.jpeg 300w, https:\/\/yasateknoloji.com\/wp-content\/uploads\/2024\/12\/elektronik-uretiminde-kalite-kontrolu-ve-hatalarin-azaltilmasi-1-1024x684.jpeg 1024w, https:\/\/yasateknoloji.com\/wp-content\/uploads\/2024\/12\/elektronik-uretiminde-kalite-kontrolu-ve-hatalarin-azaltilmasi-1-768x513.jpeg 768w, https:\/\/yasateknoloji.com\/wp-content\/uploads\/2024\/12\/elektronik-uretiminde-kalite-kontrolu-ve-hatalarin-azaltilmasi-1-18x12.jpeg 18w, https:\/\/yasateknoloji.com\/wp-content\/uploads\/2024\/12\/elektronik-uretiminde-kalite-kontrolu-ve-hatalarin-azaltilmasi-1-600x401.jpeg 600w\" sizes=\"(max-width: 1498px) 100vw, 1498px\" \/>\t\t\t\t\t\t\t<\/figure>\r\n\t\t\t\t\t\t<\/a>\r\n\t\t\t\t\t\t<div class=\"news_articles_box_content\">\r\n\t\t\t\t\t\t\t\t\t\t\t\t\t\t<div class=\"span_wrapper\">\r\n\t\t\t\t\t\t\t\t<span>Dec 02, 2024<\/span>\r\n\t\t\t\t\t\t\t\t<span class=\"dash\">-<\/span>\r\n\t\t\t\t\t\t\t\t<span>0 Comments<\/span>\r\n\t\t\t\t\t\t\t<\/div>\r\n\t\t\t\t\t\t\t\t\t\t\t\t\t\t<a href=\"https:\/\/yasateknoloji.com\/en\/elektronik-uretiminde-kalite-kontrolu-ve-hatalarin-azaltilmasi\/\">\r\n\t\t\t\t\t\t\t\t<h5 class=\"heading-txt\">Quality Control and Error Reduction in Electronics Production<\/h5>\r\n\t\t\t\t\t\t\t<\/a>\r\n\t\t\t\t\t\t\t<p class=\"blog-post-contents\">Quality control and error reduction in electronics production, reliability of products\u2026<\/p>\r\n\t\t\t\t\t\t<\/div>\r\n\t\t\t\t\t<\/div>\r\n\t\t\t\t<\/div>\r\n\t\t\t\t<\/div>\t\t\t\t<\/div>\n\t\t\t\t<\/div>\n\t\t\t\t\t<\/div>\n\t\t\t\t<\/div>\n\t\t\t\t<\/div>","protected":false},"excerpt":{"rendered":"<p>&nbsp; Ara 04, 2024 &#8211; 0 Comments Esnek Elektronikler ve Giyilebilir Teknolojiler: Teknolojinin Gelece\u011fi &nbsp; Son y\u0131llarda, esnek elektronikler ve giyilebilir teknolojiler, teknoloji d\u00fcnyas\u0131nda\u2026 &nbsp; Ara 03, 2024 &#8211; 0 Comments Ak\u0131ll\u0131 \u00dcretim Teknolojileri Ve End\u00fcstri 4.0 &nbsp; Elektronik imalat sekt\u00f6r\u00fcnde verimlilik, kalite ve esneklik a\u00e7\u0131s\u0131ndan \u00f6nemli\u2026 &nbsp; Ara 02, 2024 &#8211; 0 Comments Elektronik \u00dcretiminde Kalite Kontrol\u00fc ve Hatalar\u0131n Azalt\u0131lmas\u0131 &nbsp; Elektronik \u00fcretiminde kalite kontrol\u00fc ve hatalar\u0131n azalt\u0131lmas\u0131, \u00fcr\u00fcnlerin g\u00fcvenilirli\u011fini\u2026<\/p>","protected":false},"author":1,"featured_media":11739,"parent":0,"menu_order":0,"comment_status":"closed","ping_status":"closed","template":"","meta":{"footnotes":""},"class_list":["post-13027","page","type-page","status-publish","has-post-thumbnail","hentry"],"_links":{"self":[{"href":"https:\/\/yasateknoloji.com\/en\/wp-json\/wp\/v2\/pages\/13027","targetHints":{"allow":["GET"]}}],"collection":[{"href":"https:\/\/yasateknoloji.com\/en\/wp-json\/wp\/v2\/pages"}],"about":[{"href":"https:\/\/yasateknoloji.com\/en\/wp-json\/wp\/v2\/types\/page"}],"author":[{"embeddable":true,"href":"https:\/\/yasateknoloji.com\/en\/wp-json\/wp\/v2\/users\/1"}],"replies":[{"embeddable":true,"href":"https:\/\/yasateknoloji.com\/en\/wp-json\/wp\/v2\/comments?post=13027"}],"version-history":[{"count":11,"href":"https:\/\/yasateknoloji.com\/en\/wp-json\/wp\/v2\/pages\/13027\/revisions"}],"predecessor-version":[{"id":26888,"href":"https:\/\/yasateknoloji.com\/en\/wp-json\/wp\/v2\/pages\/13027\/revisions\/26888"}],"wp:featuredmedia":[{"embeddable":true,"href":"https:\/\/yasateknoloji.com\/en\/wp-json\/wp\/v2\/media\/11739"}],"wp:attachment":[{"href":"https:\/\/yasateknoloji.com\/en\/wp-json\/wp\/v2\/media?parent=13027"}],"curies":[{"name":"wp","href":"https:\/\/api.w.org\/{rel}","templated":true}]}}