{"id":25667,"date":"2024-12-04T08:44:31","date_gmt":"2024-12-04T08:44:31","guid":{"rendered":"https:\/\/yasateknoloji.com\/?page_id=25667"},"modified":"2024-12-04T08:53:05","modified_gmt":"2024-12-04T08:53:05","slug":"gizlilik-politikasi","status":"publish","type":"page","link":"https:\/\/yasateknoloji.com\/en\/gizlilik-politikasi\/","title":{"rendered":"Privacy Policy"},"content":{"rendered":"<div data-elementor-type=\"wp-page\" data-elementor-id=\"25667\" class=\"elementor elementor-25667\" data-elementor-post-type=\"page\">\n\t\t\t\t<div class=\"elementor-element elementor-element-61fbf14 e-flex e-con-boxed wpr-particle-no wpr-jarallax-no wpr-parallax-no wpr-sticky-section-no e-con e-parent\" data-id=\"61fbf14\" data-element_type=\"container\">\n\t\t\t\t\t<div class=\"e-con-inner\">\n\t\t\t\t<div class=\"elementor-element elementor-element-4481ddd elementor-widget elementor-widget-text-editor\" data-id=\"4481ddd\" data-element_type=\"widget\" data-widget_type=\"text-editor.default\">\n\t\t\t\t<div class=\"elementor-widget-container\">\n\t\t\t\t\t\t\t<p><span style=\"color: #000000;\">Any information you enter to become a member of our site will not be shared with third-party companies or individuals. Any information you enter through our site's contact forms will not be shared with third-party companies or individuals.<\/span><\/p><p><span style=\"color: #000000;\">Our website may occasionally send campaign information, new product information, and promotional information to its customers and members. Members can choose whether or not to receive such information when registering, and this selection can be changed in the account information section after logging in.<\/span><\/p><p><span style=\"color: #000000;\">Only you can access and change any information you provide when registering. If you keep your login information secure, it is not possible for others to access or change your information.\u00a0<\/span><\/p><p><span style=\"color: #000000;\">The Buyer is personally responsible for any and all irregular uses, objections, and financial losses and penalties that may arise from credit card transactions of her or third parties on the Yasateknoloji.com website.<\/span><\/p>\t\t\t\t\t\t<\/div>\n\t\t\t\t<\/div>\n\t\t\t\t\t<\/div>\n\t\t\t\t<\/div>\n\t\t\t\t<\/div>","protected":false},"excerpt":{"rendered":"<p>Sitemize \u00fcye olmak i\u00e7in girmi\u015f oldu\u011funuz t\u00fcm bilgiler, \u00a03. parti firma veya ki\u015filerle payla\u015f\u0131lmayacakt\u0131r. Sitemiz ileti\u015fim formlar\u0131ndan girmi\u015f oldu\u011funuz t\u00fcm bilgiler, \u00a03. parti firma veya ki\u015filerle payla\u015f\u0131lmayacakt\u0131r. Sitemiz baz\u0131 d\u00f6nemlerde m\u00fc\u015fterilerine ve \u00fcyelerine kampanya bilgileri, yeni \u00fcr\u00fcnler hakk\u0131nda bilgiler, promosyon bilgileri g\u00f6nderebilir. \u00dcyelerimiz bu gibi bilgileri al\u0131p almama konusunda her t\u00fcrl\u00fc se\u00e7imi \u00fcye olurken yapabilir ve sonras\u0131nda \u00fcye giri\u015fi yapt\u0131ktan sonra hesap bilgileri b\u00f6l\u00fcm\u00fcnden bu se\u00e7im de\u011fi\u015ftirilebilmektedir. \u00dcye olurken verdi\u011finiz t\u00fcm bilgilere sadece siz ula\u015fabilir ve siz de\u011fi\u015ftirebilirsiniz. \u00dcye giri\u015f bilgilerinizi g\u00fcvenli korudu\u011funuz takdirde ba\u015fkalar\u0131n\u0131n sizinle ilgili bilgilere ula\u015fmas\u0131 ve bunlar\u0131 de\u011fi\u015ftirmesi m\u00fcmk\u00fcn de\u011fildir.\u00a0 Al\u0131c\u0131, yasateknoloji.com sitesinde kendisine veya 3. ki\u015filere ait kredi kart\u0131 i\u015flemlerinde olabilecek her t\u00fcrl\u00fc us\u00fcls\u00fcz kullan\u0131mlardan, itirazlardan ve bu nedenle do\u011fabilecek maddi kay\u0131p ve cezalardan bizzat sorumludur.<\/p>","protected":false},"author":1,"featured_media":11739,"parent":0,"menu_order":0,"comment_status":"closed","ping_status":"closed","template":"elementor_header_footer","meta":{"footnotes":""},"class_list":["post-25667","page","type-page","status-publish","has-post-thumbnail","hentry"],"_links":{"self":[{"href":"https:\/\/yasateknoloji.com\/en\/wp-json\/wp\/v2\/pages\/25667","targetHints":{"allow":["GET"]}}],"collection":[{"href":"https:\/\/yasateknoloji.com\/en\/wp-json\/wp\/v2\/pages"}],"about":[{"href":"https:\/\/yasateknoloji.com\/en\/wp-json\/wp\/v2\/types\/page"}],"author":[{"embeddable":true,"href":"https:\/\/yasateknoloji.com\/en\/wp-json\/wp\/v2\/users\/1"}],"replies":[{"embeddable":true,"href":"https:\/\/yasateknoloji.com\/en\/wp-json\/wp\/v2\/comments?post=25667"}],"version-history":[{"count":41,"href":"https:\/\/yasateknoloji.com\/en\/wp-json\/wp\/v2\/pages\/25667\/revisions"}],"predecessor-version":[{"id":25727,"href":"https:\/\/yasateknoloji.com\/en\/wp-json\/wp\/v2\/pages\/25667\/revisions\/25727"}],"wp:featuredmedia":[{"embeddable":true,"href":"https:\/\/yasateknoloji.com\/en\/wp-json\/wp\/v2\/media\/11739"}],"wp:attachment":[{"href":"https:\/\/yasateknoloji.com\/en\/wp-json\/wp\/v2\/media?parent=25667"}],"curies":[{"name":"wp","href":"https:\/\/api.w.org\/{rel}","templated":true}]}}