{"id":25700,"date":"2024-12-04T08:49:15","date_gmt":"2024-12-04T08:49:15","guid":{"rendered":"https:\/\/yasateknoloji.com\/?page_id=25700"},"modified":"2024-12-04T08:52:56","modified_gmt":"2024-12-04T08:52:56","slug":"cerez-politikasi","status":"publish","type":"page","link":"https:\/\/yasateknoloji.com\/en\/cerez-politikasi\/","title":{"rendered":"Cookie Policy"},"content":{"rendered":"<div data-elementor-type=\"wp-page\" data-elementor-id=\"25700\" class=\"elementor elementor-25700\" data-elementor-post-type=\"page\">\n\t\t\t\t<div class=\"elementor-element elementor-element-61fbf14 e-flex e-con-boxed wpr-particle-no wpr-jarallax-no wpr-parallax-no wpr-sticky-section-no e-con e-parent\" data-id=\"61fbf14\" data-element_type=\"container\">\n\t\t\t\t\t<div class=\"e-con-inner\">\n\t\t\t\t<div class=\"elementor-element elementor-element-4481ddd elementor-widget elementor-widget-text-editor\" data-id=\"4481ddd\" data-element_type=\"widget\" data-widget_type=\"text-editor.default\">\n\t\t\t\t<div class=\"elementor-widget-container\">\n\t\t\t\t\t\t\t<p><span style=\"color: #000000;\">Each time you visit our website, information regarding your access and usage is collected using various data acquisition tools or relevant technologies by third parties operating on our behalf and account, in order to make our website useful, effective and secure and to provide you with better service.<\/span><\/p><p><span style=\"color: #000000;\"><strong>What is a Cookie?\u00a0<\/strong><\/span><\/p><p><span style=\"color: #000000;\">Cookies are very small text files, typically consisting of letters and numbers, that are stored in users' browsers when they visit a web page. They keep a record of what users search for on websites in their browser history. They allow a website to access the site by keeping track of their activity on the site in browser records. Cookies can be likened to identification cards that show websites that the same visitor has visited the site again. Cookies do not contain personal data about visitors, such as their name, gender, or address. For more detailed information about cookies, please visit www.aboutcookies.org and www.allaboutcookies.org.<\/span><\/p><p><span style=\"color: #000000;\"><strong>Types of Cookies and Their Purposes of Use\u00a0<\/strong><\/span><\/p><p><span style=\"color: #000000;\">Cookies managed by the site owner are called Website Cookies. Third-party Cookies managed by different companies may also be used. Session Cookies are deleted when the visitor leaves the website, while persistent Cookies remain on visitors' devices for varying periods of time. We can also vary the types of Cookies depending on their intended use, including technical Cookies, verification Cookies, targeting\/advertising Cookies, personalization Cookies, and analytics Cookies. Cookies can be used to perform basic functions necessary for the website's operation, analyze the website and enhance its performance, enhance website functionality and ease of use, and perform personalization, targeting, and advertising activities.<\/span><\/p><p><span style=\"color: #000000;\"><strong>Managing Cookie Preferences<\/strong><\/span><\/p><p><span style=\"color: #000000;\">Your preferences regarding which personal data you collect while using our Rund-A website are extremely important to us. However, it is not possible to manage preferences for Cookies, which are mandatory for the website to function. In addition, we would like to remind you that disabling some Cookies may prevent certain functions of the website from functioning. Information on how you can manage your preferences for Cookies on our website while using our website is as follows: You have the right to personalize your preferences by changing the settings of the browser on which you view our website. If the browser you are using offers this option, it is possible to change your preferences for Cookies through your browser settings. Thus, while this may vary depending on the capabilities offered by the browser, data owners have the option to prevent the use of Cookies, prefer to receive a warning before a Cookie is used, or disable or delete only certain Cookies. Preferences in this regard vary depending on the browser you use, and you can find a general explanation at https:\/\/www.aboutcookies.org\/. Your preferences regarding Cookies may need to be set separately for each device from which you access our website.<\/span><\/p>\t\t\t\t\t\t<\/div>\n\t\t\t\t<\/div>\n\t\t\t\t\t<\/div>\n\t\t\t\t<\/div>\n\t\t\t\t<\/div>","protected":false},"excerpt":{"rendered":"<p>Web sitemizi her ziyaretinizde eri\u015fim ve kullan\u0131mlar\u0131n\u0131z\u0131 g\u00f6steren bilgiler sitemizi kullan\u0131\u015fl\u0131, etkili, g\u00fcvenli hale getirmek ve size daha iyi hizmet verebilmek amac\u0131yla \u00e7e\u015fitli veri elde etme ara\u00e7lar\u0131 ile veya bizim ad ve hesab\u0131m\u0131za faaliyet g\u00f6steren \u00fc\u00e7\u00fcnc\u00fc ki\u015filer taraf\u0131ndan ilgili teknolojiler kullan\u0131larak verileriniz toplan\u0131r. \u00c7erez (\u201cCookie\u201d) Nedir?\u00a0 \u00c7erezler, bir web sayfas\u0131 ziyaret edildi\u011fi zaman taray\u0131c\u0131lardaki kullan\u0131c\u0131lar\u0131n depoland\u0131\u011f\u0131 genelde harf ve rakamlardan olu\u015fan \u00e7ok k\u00fc\u00e7\u00fck metin dosyalar\u0131d\u0131r. Ki\u015filerin web siteleri \u00fczerinde arad\u0131klar\u0131n\u0131 taray\u0131c\u0131 ge\u00e7mi\u015finde kay\u0131t tutar. Site \u00fczerindeki hareketleri taray\u0131c\u0131 kay\u0131tlar\u0131nda tutarak bir web sitesine izin verir. \u00c7erezler, web sitelerine ayn\u0131 ziyaret\u00e7inin siteyi yeniden ziyaret etti\u011fini g\u00f6steren kimlik kartlar\u0131na benzetilebilir. \u00c7erezler, ziyaret\u00e7ilere ili\u015fkin isim, cinsiyet veya adres gibi ki\u015fisel verileri i\u00e7ermezler. \u00c7erezler konusundan daha detayl\u0131 bilgi i\u00e7in\u00a0www.aboutcookies.org\u00a0ve\u00a0www.allaboutcookies.org\u00a0adreslerini ziyaret edebilirisiniz. \u00c7erezlerin \u00c7e\u015fitleri Ve Kullan\u0131m Ama\u00e7lar\u0131\u00a0 Site sahibi taraf\u0131ndan y\u00f6netilen \u00c7erezler Web sitesi \u00c7erezi olarak adland\u0131r\u0131lmaktad\u0131r. Bunun d\u0131\u015f\u0131nda farkl\u0131 firmalar taraf\u0131ndan y\u00f6netilen \u00fc\u00e7\u00fcnc\u00fc taraf \u00c7erezlerinde kullan\u0131labilmektedir. Oturum \u00c7erezleri ziyaret\u00e7inin web sitesini terk etmesiyle birlikte silinirken, kal\u0131c\u0131 \u00c7erezler de\u011fi\u015fen s\u00fcrelerle ziyaret\u00e7ilerin cihazlar\u0131nda kalmaktad\u0131r. Teknik \u00c7erezler, do\u011frulama \u00c7erezleri, hedefleme\/reklam \u00c7erezleri, ki\u015fiselle\u015ftirme \u00c7erezleri ve analitik \u00c7erezlerde kullan\u0131m amac\u0131na g\u00f6re \u00e7e\u015fitlendirebilece\u011fimiz \u00c7erezlerdir. \u00c7erezler web sitesinin \u00e7al\u0131\u015fmas\u0131 i\u00e7in gerekli temel fonksiyonlar\u0131 ger\u00e7ekle\u015ftirmek, web sitesi analiz etmek ve performans\u0131n\u0131 artt\u0131rmak, web sitesinin i\u015flevselli\u011fini artt\u0131rmak ve kullan\u0131m kolayl\u0131\u011f\u0131 sa\u011flamak ve ki\u015fiselle\u015ftirmesi hedefleme ve reklamc\u0131l\u0131k faaliyeti ger\u00e7ekle\u015ftirmek i\u00e7in kullan\u0131labilmektedir. \u00c7erez Tercihleri y\u00f6netimi Rund-A Web sitemizin taraf\u0131n\u0131zca kullan\u0131ld\u0131\u011f\u0131 s\u00fcre\u00e7 boyunca sizin hangi ki\u015fisel verilerinizin toplan\u0131laca\u011f\u0131 hususunda tercihleriniz bizim i\u00e7in son derece \u00f6nemlidir. Bununla birlikte web sitesinin \u00e7al\u0131\u015fmas\u0131 i\u00e7in zorunlu olan \u00c7erezler konusunda tercih y\u00f6netimi m\u00fcmk\u00fcn olamamaktad\u0131r. Ek olarak baz\u0131 \u00c7erezlerin kapat\u0131lmas\u0131 halinde Web sitesinin \u00e7e\u015fitli fonksiyonlar\u0131n\u0131n \u00e7al\u0131\u015fmayabilece\u011fini hat\u0131rlat\u0131r\u0131z. Web sitemizi kullan\u0131rken web sitemizdeki \u00c7erezlere dair tercihleri ne \u015fekilde y\u00f6netebilece\u011finize ili\u015fkin bilgiler a\u015fa\u011f\u0131daki gibidir: Web sitemizi g\u00f6r\u00fcnt\u00fcledi\u011finiz taray\u0131c\u0131 ayarlar\u0131n\u0131 de\u011fi\u015ftirerek tercihlerinizi ki\u015fiselle\u015ftirme hakk\u0131na sahipsiniz. E\u011fer kulland\u0131\u011f\u0131n\u0131z taray\u0131c\u0131 bu imk\u00e2n\u0131 sunmaktaysa, taray\u0131c\u0131 ayarlar\u0131n\u0131z \u00fczerinden \u00c7erezlere ili\u015fkin tercihleri de\u011fi\u015ftirmek m\u00fcmk\u00fcnd\u00fcr. B\u00f6ylece, taray\u0131c\u0131n\u0131n sunmu\u015f oldu\u011fu imkanlara g\u00f6re farkl\u0131l\u0131k g\u00f6sterebilmekle birlikte, veri sahiplerinin \u00c7erezlerin kullan\u0131lmas\u0131n\u0131 engelleme, \u00c7erez kullan\u0131lmadan \u00f6nce uyar\u0131 almay\u0131 tercih etme veya sadece baz\u0131 \u00c7erezleri devre b\u0131rakma ya da silme imkanlar\u0131 bulunmaktad\u0131r. Bu konudaki tercihler kulland\u0131\u011f\u0131n\u0131z taray\u0131c\u0131ya g\u00f6re de\u011fi\u015fmekte olup genel a\u00e7\u0131klamaya\u00a0https:\/\/www.aboutcookies.org\/\u00a0adresinden ula\u015fabilirsiniz. \u00c7erezlere ili\u015fkin tercihleriniz, web sitemize eri\u015fim sa\u011flad\u0131\u011f\u0131n\u0131z her bir cihaz \u00f6zelinde ayr\u0131 ayr\u0131 yap\u0131lmas\u0131 gerekebilmektedir.<\/p>","protected":false},"author":1,"featured_media":11739,"parent":0,"menu_order":0,"comment_status":"closed","ping_status":"closed","template":"elementor_header_footer","meta":{"footnotes":""},"class_list":["post-25700","page","type-page","status-publish","has-post-thumbnail","hentry"],"_links":{"self":[{"href":"https:\/\/yasateknoloji.com\/en\/wp-json\/wp\/v2\/pages\/25700","targetHints":{"allow":["GET"]}}],"collection":[{"href":"https:\/\/yasateknoloji.com\/en\/wp-json\/wp\/v2\/pages"}],"about":[{"href":"https:\/\/yasateknoloji.com\/en\/wp-json\/wp\/v2\/types\/page"}],"author":[{"embeddable":true,"href":"https:\/\/yasateknoloji.com\/en\/wp-json\/wp\/v2\/users\/1"}],"replies":[{"embeddable":true,"href":"https:\/\/yasateknoloji.com\/en\/wp-json\/wp\/v2\/comments?post=25700"}],"version-history":[{"count":7,"href":"https:\/\/yasateknoloji.com\/en\/wp-json\/wp\/v2\/pages\/25700\/revisions"}],"predecessor-version":[{"id":25724,"href":"https:\/\/yasateknoloji.com\/en\/wp-json\/wp\/v2\/pages\/25700\/revisions\/25724"}],"wp:featuredmedia":[{"embeddable":true,"href":"https:\/\/yasateknoloji.com\/en\/wp-json\/wp\/v2\/media\/11739"}],"wp:attachment":[{"href":"https:\/\/yasateknoloji.com\/en\/wp-json\/wp\/v2\/media?parent=25700"}],"curies":[{"name":"wp","href":"https:\/\/api.w.org\/{rel}","templated":true}]}}