{"id":25701,"date":"2024-12-04T08:49:22","date_gmt":"2024-12-04T08:49:22","guid":{"rendered":"https:\/\/yasateknoloji.com\/?page_id=25701"},"modified":"2024-12-04T08:52:43","modified_gmt":"2024-12-04T08:52:43","slug":"kvkk-bildirimi","status":"publish","type":"page","link":"https:\/\/yasateknoloji.com\/en\/kvkk-bildirimi\/","title":{"rendered":"KVKK Notification"},"content":{"rendered":"<div data-elementor-type=\"wp-page\" data-elementor-id=\"25701\" class=\"elementor elementor-25701\" data-elementor-post-type=\"page\">\n\t\t\t\t<div class=\"elementor-element elementor-element-61fbf14 e-flex e-con-boxed wpr-particle-no wpr-jarallax-no wpr-parallax-no wpr-sticky-section-no e-con e-parent\" data-id=\"61fbf14\" data-element_type=\"container\">\n\t\t\t\t\t<div class=\"e-con-inner\">\n\t\t\t\t<div class=\"elementor-element elementor-element-4481ddd elementor-widget elementor-widget-text-editor\" data-id=\"4481ddd\" data-element_type=\"widget\" data-widget_type=\"text-editor.default\">\n\t\t\t\t<div class=\"elementor-widget-container\">\n\t\t\t\t\t\t\t<p><span style=\"color: #000000;\">As yasateknoloji.com, we take the necessary measures as the Data Controller in the storage, processing and transfer of your personal data in accordance with the principle of protecting the privacy of private life and the fundamental rights and freedoms of individuals.<\/span><\/p><p><span style=\"color: #000000;\">We have prepared our Personal Data Processing Information Text (\"Information Text\") to inform data subjects regarding the processing, storage, and transfer of your personal data within the framework of the Personal Data Protection Law (KVKK) and other legal regulations. On this page, you can access all information about our information as the data controller, the purposes for which personal data will be processed, to whom and for what purposes it may be transferred, the method and legal basis for collecting personal data, and your rights under the KVKK.<\/span><\/p><p><span style=\"color: #000000;\">We may make changes to the Information Text if necessary. Any changes will become effective upon publication.<\/span><\/p>\t\t\t\t\t\t<\/div>\n\t\t\t\t<\/div>\n\t\t\t\t\t<\/div>\n\t\t\t\t<\/div>\n\t\t\t\t<\/div>","protected":false},"excerpt":{"rendered":"<p>Ki\u015fisel verilerinizi \u00f6zel hayat\u0131n gizlili\u011fi ve ki\u015filerin temel hak ve \u00f6zg\u00fcrl\u00fcklerinin korunmas\u0131 ilkesine uygun olarak muhafazas\u0131, i\u015flenmesi ve mevzuata uygun olarak aktar\u0131m\u0131 a\u015famalar\u0131nda yasateknoloji.com olarak Veri Sorumlusu s\u0131fat\u0131 ile gerekli \u00f6nlemleri al\u0131yoruz. Ki\u015fisel Verilerin \u0130\u015flenmesi Ayd\u0131nlatma Metnimizi\u00a0(\u201cAyd\u0131nlatma Metni\u201d) Ki\u015fisel Verilerin Korunmas\u0131 Kanunu (KVKK) ve yasal d\u00fczenlemeler \u00e7er\u00e7evesinde ki\u015fisel verilerinizin i\u015flenmesi, saklanmas\u0131 ve aktar\u0131lmas\u0131na ili\u015fkin veri sahibi ilgili ki\u015fileri bilgilendirmek amac\u0131yla haz\u0131rlad\u0131k. Bu sayfa i\u00e7erisinde veri sorumlusu olarak bilgilerimize, ki\u015fisel verilerin hangi ama\u00e7la i\u015flenece\u011fi, kimlere ve hangi ama\u00e7la aktar\u0131labilece\u011fine, ki\u015fisel veri toplaman\u0131n y\u00f6ntemi ve hukuki sebebine, KVKK da say\u0131l\u0131 haklar\u0131n\u0131z hakk\u0131nda t\u00fcm bilgiye ula\u015fabilirsiniz. Ayd\u0131nlatma Metni i\u00e7erisinde gerekli oldu\u011fu takdirde de\u011fi\u015fiklik yapabiliriz. Yap\u0131lacak de\u011fi\u015fiklikler yay\u0131mlanmas\u0131yla birlikte ge\u00e7erlilik kazanacakt\u0131r.<\/p>","protected":false},"author":1,"featured_media":11739,"parent":0,"menu_order":0,"comment_status":"closed","ping_status":"closed","template":"elementor_header_footer","meta":{"footnotes":""},"class_list":["post-25701","page","type-page","status-publish","has-post-thumbnail","hentry"],"_links":{"self":[{"href":"https:\/\/yasateknoloji.com\/en\/wp-json\/wp\/v2\/pages\/25701","targetHints":{"allow":["GET"]}}],"collection":[{"href":"https:\/\/yasateknoloji.com\/en\/wp-json\/wp\/v2\/pages"}],"about":[{"href":"https:\/\/yasateknoloji.com\/en\/wp-json\/wp\/v2\/types\/page"}],"author":[{"embeddable":true,"href":"https:\/\/yasateknoloji.com\/en\/wp-json\/wp\/v2\/users\/1"}],"replies":[{"embeddable":true,"href":"https:\/\/yasateknoloji.com\/en\/wp-json\/wp\/v2\/comments?post=25701"}],"version-history":[{"count":7,"href":"https:\/\/yasateknoloji.com\/en\/wp-json\/wp\/v2\/pages\/25701\/revisions"}],"predecessor-version":[{"id":25721,"href":"https:\/\/yasateknoloji.com\/en\/wp-json\/wp\/v2\/pages\/25701\/revisions\/25721"}],"wp:featuredmedia":[{"embeddable":true,"href":"https:\/\/yasateknoloji.com\/en\/wp-json\/wp\/v2\/media\/11739"}],"wp:attachment":[{"href":"https:\/\/yasateknoloji.com\/en\/wp-json\/wp\/v2\/media?parent=25701"}],"curies":[{"name":"wp","href":"https:\/\/api.w.org\/{rel}","templated":true}]}}