{"id":25885,"date":"2024-12-04T11:26:00","date_gmt":"2024-12-04T11:26:00","guid":{"rendered":"https:\/\/yasateknoloji.com\/?page_id=25885"},"modified":"2024-12-04T12:16:23","modified_gmt":"2024-12-04T12:16:23","slug":"kalite-politikamiz","status":"publish","type":"page","link":"https:\/\/yasateknoloji.com\/en\/kalite-politikamiz\/","title":{"rendered":"Our Quality Policy"},"content":{"rendered":"<div data-elementor-type=\"wp-page\" data-elementor-id=\"25885\" class=\"elementor elementor-25885\" data-elementor-post-type=\"page\">\n\t\t\t\t<div class=\"elementor-element elementor-element-61fbf14 e-flex e-con-boxed wpr-particle-no wpr-jarallax-no wpr-parallax-no wpr-sticky-section-no e-con e-parent\" data-id=\"61fbf14\" data-element_type=\"container\">\n\t\t\t\t\t<div class=\"e-con-inner\">\n\t\t\t\t<div class=\"elementor-element elementor-element-4481ddd elementor-widget elementor-widget-text-editor\" data-id=\"4481ddd\" data-element_type=\"widget\" data-widget_type=\"text-editor.default\">\n\t\t\t\t<div class=\"elementor-widget-container\">\n\t\t\t\t\t\t\t<p><span style=\"color: #000000;\">At Yasa Technology, we are committed to maximizing customer satisfaction, providing effective and reliable technology solutions, and continuous improvement. To exceed the expectations of our customers, employees, and business partners, we adhere to the following principles:<\/span><\/p><p><span style=\"color: #000000;\"><strong>1. Excellence and Reliability:\u00a0<\/strong>We continually improve our business processes to deliver quality products and services tailored to customer needs. Reliability is the foundation of our products and services.<\/span><\/p><p><span style=\"color: #000000;\"><strong>2. Customer Satisfaction:\u00a0<\/strong>We continually strive to understand and exceed our customers' expectations. We carefully evaluate feedback and take appropriate action to maximize customer satisfaction.<\/span><\/p><p><span style=\"color: #000000;\"><strong>3. Teamwork and Respect for People:<\/strong>\u00a0We aim to develop our employees' talents, encourage teamwork, and respect each individual. Quality is the responsibility of all our employees.<\/span><\/p><p><span style=\"color: #000000;\"><strong>4. Environmental and Social Responsibility:\u00a0<\/strong>We value contributing to environmental sustainability and fulfilling our social responsibilities. We conduct our business activities in an environmentally sensitive manner.<\/span><br \/><span style=\"color: #000000;\">Continuous Improvement: We constantly review our business processes and service quality, identify improvement opportunities and implement effective solutions.<\/span><\/p><p><span style=\"color: #000000;\">By adhering to this quality policy, we aim to add value to our customers, build strong, long-term relationships with our business partners, and become a pioneer in our industry. As a customer-focused, innovative, and responsible organization, we are committed to continuously improving our quality.<\/span><\/p>\t\t\t\t\t\t<\/div>\n\t\t\t\t<\/div>\n\t\t\t\t\t<\/div>\n\t\t\t\t<\/div>\n\t\t\t\t<\/div>","protected":false},"excerpt":{"rendered":"<p>Yasa Teknoloji olarak, m\u00fc\u015fteri memnuniyetini en \u00fcst d\u00fczeye \u00e7\u0131karmay\u0131, etkin ve g\u00fcvenilir teknoloji \u00e7\u00f6z\u00fcmleri sunmay\u0131 ve s\u00fcrekli iyile\u015ftirmeyi taahh\u00fct ediyoruz. M\u00fc\u015fterilerimizin, \u00e7al\u0131\u015fanlar\u0131m\u0131z\u0131n ve i\u015f ortaklar\u0131m\u0131z\u0131n beklentilerini a\u015fmak i\u00e7in \u015fu prensiplere ba\u011fl\u0131 kalmaktay\u0131z: 1. M\u00fckemmeliyet ve G\u00fcvenilirlik:\u00a0M\u00fc\u015fteri ihtiya\u00e7lar\u0131na uygun kaliteli \u00fcr\u00fcn ve hizmetler sunmak i\u00e7in s\u00fcrekli olarak i\u015f s\u00fcre\u00e7lerimizi iyile\u015ftiriyoruz. G\u00fcvenilirlik, \u00fcr\u00fcn ve hizmetlerimizin temelidir. 2. M\u00fc\u015fteri Memnuniyeti:\u00a0M\u00fc\u015fterilerimizin beklentilerini anlamak ve a\u015fmak i\u00e7in s\u00fcrekli olarak \u00e7aba sarf ediyoruz. Geri bildirimleri dikkatlice de\u011ferlendiriyor ve m\u00fc\u015fteri memnuniyetini en \u00fcst d\u00fczeye \u00e7\u0131karmak i\u00e7in uygun \u00f6nlemleri al\u0131yoruz. 3. Ekip \u00c7al\u0131\u015fmas\u0131 ve \u0130nsana Sayg\u0131:\u00a0\u00c7al\u0131\u015fanlar\u0131m\u0131z\u0131n yeteneklerini geli\u015ftirmeyi, tak\u0131m \u00e7al\u0131\u015fmas\u0131n\u0131 te\u015fvik etmeyi ve her bir bireye sayg\u0131 g\u00f6stermeyi ama\u00e7l\u0131yoruz. Kalite, t\u00fcm \u00e7al\u0131\u015fanlar\u0131m\u0131z\u0131n sorumlulu\u011fundad\u0131r. 4. \u00c7evresel ve Toplumsal Sorumluluk:\u00a0\u00c7evresel s\u00fcrd\u00fcr\u00fclebilirli\u011fe katk\u0131da bulunmay\u0131 ve toplumsal sorumluluklar\u0131m\u0131z\u0131 yerine getirmeyi \u00f6nemsiyoruz. \u0130\u015f faaliyetlerimizi \u00e7evreye duyarl\u0131 bir \u015fekilde y\u00fcr\u00fct\u00fcyoruz. S\u00fcrekli \u0130yile\u015ftirme:\u00a0\u0130\u015f s\u00fcre\u00e7lerimizi ve hizmet kalitemizi s\u00fcrekli olarak g\u00f6zden ge\u00e7iriyor, iyile\u015ftirme f\u0131rsatlar\u0131n\u0131 belirliyor ve etkili \u00e7\u00f6z\u00fcmler uyguluyoruz. Bu kalite politikas\u0131na ba\u011fl\u0131 kalarak, m\u00fc\u015fterilerimize de\u011fer katmay\u0131, i\u015f ortaklar\u0131m\u0131zla g\u00fc\u00e7l\u00fc ve uzun vadeli ili\u015fkiler kurmay\u0131 ve sekt\u00f6r\u00fcm\u00fczde \u00f6nc\u00fc olmay\u0131 hedefliyoruz. M\u00fc\u015fteri odakl\u0131, yenilik\u00e7i ve sorumlu bir kurulu\u015f olarak, kalitemizi s\u00fcrekli olarak art\u0131rmaya kararl\u0131y\u0131z.<\/p>","protected":false},"author":1,"featured_media":11739,"parent":0,"menu_order":0,"comment_status":"closed","ping_status":"closed","template":"elementor_header_footer","meta":{"footnotes":""},"class_list":["post-25885","page","type-page","status-publish","has-post-thumbnail","hentry"],"_links":{"self":[{"href":"https:\/\/yasateknoloji.com\/en\/wp-json\/wp\/v2\/pages\/25885","targetHints":{"allow":["GET"]}}],"collection":[{"href":"https:\/\/yasateknoloji.com\/en\/wp-json\/wp\/v2\/pages"}],"about":[{"href":"https:\/\/yasateknoloji.com\/en\/wp-json\/wp\/v2\/types\/page"}],"author":[{"embeddable":true,"href":"https:\/\/yasateknoloji.com\/en\/wp-json\/wp\/v2\/users\/1"}],"replies":[{"embeddable":true,"href":"https:\/\/yasateknoloji.com\/en\/wp-json\/wp\/v2\/comments?post=25885"}],"version-history":[{"count":16,"href":"https:\/\/yasateknoloji.com\/en\/wp-json\/wp\/v2\/pages\/25885\/revisions"}],"predecessor-version":[{"id":26901,"href":"https:\/\/yasateknoloji.com\/en\/wp-json\/wp\/v2\/pages\/25885\/revisions\/26901"}],"wp:featuredmedia":[{"embeddable":true,"href":"https:\/\/yasateknoloji.com\/en\/wp-json\/wp\/v2\/media\/11739"}],"wp:attachment":[{"href":"https:\/\/yasateknoloji.com\/en\/wp-json\/wp\/v2\/media?parent=25885"}],"curies":[{"name":"wp","href":"https:\/\/api.w.org\/{rel}","templated":true}]}}