{"id":25996,"date":"2024-12-04T12:47:55","date_gmt":"2024-12-04T12:47:55","guid":{"rendered":"https:\/\/yasateknoloji.com\/?page_id=25996"},"modified":"2024-12-04T12:50:17","modified_gmt":"2024-12-04T12:50:17","slug":"uretim-tesisi","status":"publish","type":"page","link":"https:\/\/yasateknoloji.com\/en\/uretim-tesisi\/","title":{"rendered":"Production Facility"},"content":{"rendered":"<div data-elementor-type=\"wp-page\" data-elementor-id=\"25996\" class=\"elementor elementor-25996\" data-elementor-post-type=\"page\">\n\t\t\t\t<div class=\"elementor-element elementor-element-61fbf14 e-flex e-con-boxed wpr-particle-no wpr-jarallax-no wpr-parallax-no wpr-sticky-section-no e-con e-parent\" data-id=\"61fbf14\" data-element_type=\"container\">\n\t\t\t\t\t<div class=\"e-con-inner\">\n\t\t\t\t<div class=\"elementor-element elementor-element-4481ddd elementor-widget elementor-widget-text-editor\" data-id=\"4481ddd\" data-element_type=\"widget\" data-widget_type=\"text-editor.default\">\n\t\t\t\t<div class=\"elementor-widget-container\">\n\t\t\t\t\t\t\t<p><span style=\"color: #000000;\"><strong>Production and Service<\/strong><\/span><\/p><p><span style=\"color: #000000;\">Yasa Technology positions itself as a company committed to industry leadership in production and service. Focused on customer satisfaction and committed to high quality standards, we meticulously manage our production and service processes.<\/span><\/p><p><span style=\"color: #000000;\"><strong>Our Production Processes:<\/strong><\/span><\/p><p><span style=\"color: #000000;\">Yasa Technology operates in modern, high-tech production facilities that adhere to the latest industry standards. Our production processes are designed with an approach that strives for excellence and efficiency. Our expert engineering team meticulously plans and implements each production phase.<\/span><\/p><p><span style=\"color: #000000;\">Each of our products undergoes our quality control processes and is designed to provide the highest levels of reliability and performance. Our innovative approaches to manufacturing aim to give our customers a competitive advantage.<\/span><\/p><p><span style=\"color: #000000;\"><strong>Our Services:<\/strong><\/span><\/p><p><span style=\"color: #000000;\">Yasa Technology stands out in the industry for its services, prioritizing customer satisfaction. With our experienced technical team and rapid response capabilities, we aim to ensure the highest level of business continuity for our customers.<\/span><\/p><p><span style=\"color: #000000;\">Our transparent communication and rapid solution-oriented approach throughout the service phases aims to increase customer satisfaction and build long-term relationships with our business partners. At Yasa Technology, we utilize our expertise in production and service to ensure our customers' success and strive to further enhance our quality through our commitment to continuous improvement.<\/span><\/p>\t\t\t\t\t\t<\/div>\n\t\t\t\t<\/div>\n\t\t\t\t<div class=\"elementor-element elementor-element-659b6d6 elementor-widget elementor-widget-Artelligence Button\" data-id=\"659b6d6\" data-element_type=\"widget\" data-widget_type=\"Artelligence Button.default\">\n\t\t\t\t<div class=\"elementor-widget-container\">\n\t\t\t\t\t\t\t<div class=\"btn_wrapper_widget\" data-aos=\"fade-up\">\r\n\t\t\t\t\t<a  href=\"https:\/\/yasateknoloji.com\/en\/hizmetlerimiz\/\" class=\"primary-btn button-effect\">Our Services<i class=\"fas fa-chevron-right\"><\/i><\/a>\r\n\t\t\t\t<\/div>\r\n       \t\t \t\t<\/div>\n\t\t\t\t<\/div>\n\t\t\t\t\t<\/div>\n\t\t\t\t<\/div>\n\t\t\t\t<\/div>","protected":false},"excerpt":{"rendered":"<p>\u00dcretim ve Servis Yasa Teknoloji, \u00fcretim ve servis alanlar\u0131nda sekt\u00f6r liderli\u011fi hedefiyle ilerleyen bir firma olarak kendini konumland\u0131rmaktad\u0131r. M\u00fc\u015fteri memnuniyeti odakl\u0131 ve y\u00fcksek kalite standartlar\u0131n\u0131 benimseyen anlay\u0131\u015f\u0131m\u0131zla, \u00fcretim ve servis s\u00fcre\u00e7lerimizi titizlikle y\u00f6netiyoruz. \u00dcretim S\u00fcre\u00e7lerimiz: Yasa Teknoloji, modern ve y\u00fcksek teknolojiye sahip \u00fcretim tesislerinde en son end\u00fcstri standartlar\u0131na uygun olarak \u00e7al\u0131\u015fmaktad\u0131r. \u00dcretim s\u00fcre\u00e7lerimiz, m\u00fckemmeliyeti ve etkinli\u011fi hedefleyen bir yakla\u015f\u0131mla tasarlanm\u0131\u015ft\u0131r. Uzman m\u00fchendis kadromuz, \u00fcretim a\u015famalar\u0131n\u0131 titizlikle planlamakta ve uygulamaktad\u0131r. \u00dcr\u00fcnlerimizin her biri, kalite kontrol s\u00fcre\u00e7lerimizden ge\u00e7erek en \u00fcst d\u00fczeyde g\u00fcvenilirlik ve performans sa\u011flamak \u00fczere tasarlanm\u0131\u015ft\u0131r. \u00dcretimdeki yenilik\u00e7i yakla\u015f\u0131mlar\u0131m\u0131z, m\u00fc\u015fterilerimize rekabet avantaj\u0131 kazand\u0131rmay\u0131 ama\u00e7lamaktad\u0131r. Servis Hizmetlerimiz: Yasa Teknoloji, m\u00fc\u015fteri memnuniyetini \u00f6n planda tutarak sundu\u011fu servis hizmetleriyle sekt\u00f6rde \u00f6ne \u00e7\u0131kmaktad\u0131r. Deneyimli teknik ekip ve h\u0131zl\u0131 m\u00fcdahale kapasitemizle, m\u00fc\u015fterilerimizin i\u015f s\u00fcreklili\u011fini en \u00fcst d\u00fczeyde sa\u011flamay\u0131 ama\u00e7l\u0131yoruz. Servis a\u015famalar\u0131nda \u015feffaf ileti\u015fim ve h\u0131zl\u0131 \u00e7\u00f6z\u00fcm odakl\u0131 yakla\u015f\u0131m\u0131m\u0131z, m\u00fc\u015fteri memnuniyetini art\u0131rmay\u0131 ve i\u015f ortaklar\u0131m\u0131zla uzun vadeli ili\u015fkiler kurmay\u0131 hedeflemektedir. Yasa Teknoloji olarak, \u00fcretim ve servis alanlar\u0131ndaki uzmanl\u0131\u011f\u0131m\u0131z\u0131 m\u00fc\u015fterilerimizin ba\u015far\u0131s\u0131 i\u00e7in seferber ediyor, s\u00fcrekli iyile\u015ftirme anlay\u0131\u015f\u0131yla kalitemizi daha da yukar\u0131 ta\u015f\u0131may\u0131 ama\u00e7l\u0131yoruz. Hizmetlerimiz<\/p>","protected":false},"author":1,"featured_media":11739,"parent":0,"menu_order":0,"comment_status":"closed","ping_status":"closed","template":"elementor_header_footer","meta":{"footnotes":""},"class_list":["post-25996","page","type-page","status-publish","has-post-thumbnail","hentry"],"_links":{"self":[{"href":"https:\/\/yasateknoloji.com\/en\/wp-json\/wp\/v2\/pages\/25996","targetHints":{"allow":["GET"]}}],"collection":[{"href":"https:\/\/yasateknoloji.com\/en\/wp-json\/wp\/v2\/pages"}],"about":[{"href":"https:\/\/yasateknoloji.com\/en\/wp-json\/wp\/v2\/types\/page"}],"author":[{"embeddable":true,"href":"https:\/\/yasateknoloji.com\/en\/wp-json\/wp\/v2\/users\/1"}],"replies":[{"embeddable":true,"href":"https:\/\/yasateknoloji.com\/en\/wp-json\/wp\/v2\/comments?post=25996"}],"version-history":[{"count":16,"href":"https:\/\/yasateknoloji.com\/en\/wp-json\/wp\/v2\/pages\/25996\/revisions"}],"predecessor-version":[{"id":26013,"href":"https:\/\/yasateknoloji.com\/en\/wp-json\/wp\/v2\/pages\/25996\/revisions\/26013"}],"wp:featuredmedia":[{"embeddable":true,"href":"https:\/\/yasateknoloji.com\/en\/wp-json\/wp\/v2\/media\/11739"}],"wp:attachment":[{"href":"https:\/\/yasateknoloji.com\/en\/wp-json\/wp\/v2\/media?parent=25996"}],"curies":[{"name":"wp","href":"https:\/\/api.w.org\/{rel}","templated":true}]}}