{"id":26106,"date":"2024-12-04T14:34:26","date_gmt":"2024-12-04T14:34:26","guid":{"rendered":"https:\/\/yasateknoloji.com\/?page_id=26106"},"modified":"2025-09-09T03:45:43","modified_gmt":"2025-09-09T03:45:43","slug":"ar-ge-tasarim-prototip-uretim-paket-is-hizmeti","status":"publish","type":"page","link":"https:\/\/yasateknoloji.com\/en\/hizmetlerimiz\/ar-ge-tasarim-prototip-uretim-paket-is-hizmeti\/","title":{"rendered":"R&amp;D, Design, Prototype, Production Package Business Service"},"content":{"rendered":"<div data-elementor-type=\"wp-page\" data-elementor-id=\"26106\" class=\"elementor elementor-26106\" data-elementor-post-type=\"page\">\n\t\t\t\t<div class=\"elementor-element elementor-element-be67504 e-flex e-con-boxed wpr-particle-no wpr-jarallax-no wpr-parallax-no wpr-sticky-section-no e-con e-parent\" data-id=\"be67504\" data-element_type=\"container\">\n\t\t\t\t\t<div class=\"e-con-inner\">\n\t\t<div class=\"elementor-element elementor-element-538078c e-con-full e-flex wpr-particle-no wpr-jarallax-no wpr-parallax-no wpr-sticky-section-no e-con e-child\" data-id=\"538078c\" data-element_type=\"container\">\n\t\t\t\t<div class=\"elementor-element elementor-element-a89d888 elementor-widget elementor-widget-image\" data-id=\"a89d888\" data-element_type=\"widget\" data-widget_type=\"image.default\">\n\t\t\t\t<div class=\"elementor-widget-container\">\n\t\t\t\t\t\t\t\t\t\t\t\t\t<img decoding=\"async\" src=\"https:\/\/yasateknoloji.com\/wp-content\/uploads\/elementor\/thumbs\/Ar-Ge-Tasarim-Prototip-Uretim-Paket-Is-Hizmeti-1-qyam4fevzdwsmmepyjhgesv3hwk26ax2svl2qjydc8.jpg\" title=\"Ar-Ge, Tasar\u0131m, Prototip, \u00dcretim Paket \u0130\u015f Hizmeti 1\" alt=\"Ar-Ge, Tasar\u0131m, Prototip, \u00dcretim Paket \u0130\u015f Hizmeti 1\" loading=\"lazy\" \/>\t\t\t\t\t\t\t\t\t\t\t\t\t<\/div>\n\t\t\t\t<\/div>\n\t\t\t\t<div class=\"elementor-element elementor-element-12878bd elementor-widget elementor-widget-heading\" data-id=\"12878bd\" data-element_type=\"widget\" data-widget_type=\"heading.default\">\n\t\t\t\t<div class=\"elementor-widget-container\">\n\t\t\t<h2 class=\"elementor-heading-title elementor-size-default\">R&amp;D, Design, Prototype, Production <br>\nPackage Business Service<\/h2>\t\t<\/div>\n\t\t\t\t<\/div>\n\t\t\t\t<div class=\"elementor-element elementor-element-4eaeabe elementor-widget elementor-widget-text-editor\" data-id=\"4eaeabe\" data-element_type=\"widget\" data-widget_type=\"text-editor.default\">\n\t\t\t\t<div class=\"elementor-widget-container\">\n\t\t\t\t\t\t\t<p>We're with you every step of the way, from conception to mass production! Our R&amp;D team delivers innovative solutions and successfully manages your electronic design processes. We prioritize precision and speed in prototype production, and we develop solutions tailored to your specific needs.<\/p><p>During the production phase, we prioritize quality and efficiency when implementing your projects. By offering the entire process under one roof, we simplify your work and save you time.<\/p>\t\t\t\t\t\t<\/div>\n\t\t\t\t<\/div>\n\t\t\t\t<div class=\"elementor-element elementor-element-84ea11e elementor-widget elementor-widget-Artelligence Button\" data-id=\"84ea11e\" data-element_type=\"widget\" data-widget_type=\"Artelligence Button.default\">\n\t\t\t\t<div class=\"elementor-widget-container\">\n\t\t\t\t\t\t\t<div class=\"btn_wrapper_widget\" data-aos=\"fade-up\">\r\n\t\t\t\t\t<a  href=\"mailto:info@yasateknoloji.com\" class=\"primary-btn button-effect\">Get a Quote<i class=\"fas fa-chevron-right\"><\/i><\/a>\r\n\t\t\t\t<\/div>\r\n       \t\t \t\t<\/div>\n\t\t\t\t<\/div>\n\t\t\t\t<\/div>\n\t\t\t\t\t<\/div>\n\t\t\t\t<\/div>\n\t\t\t\t<\/div>","protected":false},"excerpt":{"rendered":"<p>Ar-Ge, Tasar\u0131m, Prototip, \u00dcretim Paket \u0130\u015f Hizmeti Projelerinizin fikir a\u015famas\u0131ndan seri \u00fcretime kadar her ad\u0131m\u0131nda yan\u0131n\u0131zday\u0131z! Ar-Ge ekibimizle yenilik\u00e7i \u00e7\u00f6z\u00fcmler sunuyor, elektronik tasar\u0131m s\u00fcre\u00e7lerinizi ba\u015far\u0131yla y\u00f6netiyoruz. Prototip \u00fcretiminde hassasiyet ve h\u0131z \u00f6n planda tutulurken, ihtiya\u00e7lar\u0131n\u0131za \u00f6zel \u00e7\u00f6z\u00fcmler geli\u015ftiriyoruz. \u00dcretim a\u015famas\u0131nda ise kalite ve verimlili\u011fi esas alarak projelerinizi hayata ge\u00e7iriyoruz. T\u00fcm s\u00fcreci tek bir \u00e7at\u0131 alt\u0131nda sunarak, i\u015flerinizi kolayla\u015ft\u0131r\u0131yor ve zamandan tasarruf etmenizi sa\u011fl\u0131yoruz. Fiyat Teklifi Al<\/p>","protected":false},"author":1,"featured_media":11739,"parent":36,"menu_order":0,"comment_status":"closed","ping_status":"closed","template":"elementor_header_footer","meta":{"footnotes":""},"class_list":["post-26106","page","type-page","status-publish","has-post-thumbnail","hentry"],"_links":{"self":[{"href":"https:\/\/yasateknoloji.com\/en\/wp-json\/wp\/v2\/pages\/26106","targetHints":{"allow":["GET"]}}],"collection":[{"href":"https:\/\/yasateknoloji.com\/en\/wp-json\/wp\/v2\/pages"}],"about":[{"href":"https:\/\/yasateknoloji.com\/en\/wp-json\/wp\/v2\/types\/page"}],"author":[{"embeddable":true,"href":"https:\/\/yasateknoloji.com\/en\/wp-json\/wp\/v2\/users\/1"}],"replies":[{"embeddable":true,"href":"https:\/\/yasateknoloji.com\/en\/wp-json\/wp\/v2\/comments?post=26106"}],"version-history":[{"count":29,"href":"https:\/\/yasateknoloji.com\/en\/wp-json\/wp\/v2\/pages\/26106\/revisions"}],"predecessor-version":[{"id":27634,"href":"https:\/\/yasateknoloji.com\/en\/wp-json\/wp\/v2\/pages\/26106\/revisions\/27634"}],"up":[{"embeddable":true,"href":"https:\/\/yasateknoloji.com\/en\/wp-json\/wp\/v2\/pages\/36"}],"wp:featuredmedia":[{"embeddable":true,"href":"https:\/\/yasateknoloji.com\/en\/wp-json\/wp\/v2\/media\/11739"}],"wp:attachment":[{"href":"https:\/\/yasateknoloji.com\/en\/wp-json\/wp\/v2\/media?parent=26106"}],"curies":[{"name":"wp","href":"https:\/\/api.w.org\/{rel}","templated":true}]}}