{"id":26107,"date":"2024-12-04T14:34:55","date_gmt":"2024-12-04T14:34:55","guid":{"rendered":"https:\/\/yasateknoloji.com\/?page_id=26107"},"modified":"2025-09-09T03:45:48","modified_gmt":"2025-09-09T03:45:48","slug":"gomulu-yazilim-gelistirme","status":"publish","type":"page","link":"https:\/\/yasateknoloji.com\/en\/hizmetlerimiz\/gomulu-yazilim-gelistirme\/","title":{"rendered":"Embedded Software Development"},"content":{"rendered":"<div data-elementor-type=\"wp-page\" data-elementor-id=\"26107\" class=\"elementor elementor-26107\" data-elementor-post-type=\"page\">\n\t\t\t\t<div class=\"elementor-element elementor-element-be67504 e-flex e-con-boxed wpr-particle-no wpr-jarallax-no wpr-parallax-no wpr-sticky-section-no e-con e-parent\" data-id=\"be67504\" data-element_type=\"container\">\n\t\t\t\t\t<div class=\"e-con-inner\">\n\t\t<div class=\"elementor-element elementor-element-538078c e-con-full e-flex wpr-particle-no wpr-jarallax-no wpr-parallax-no wpr-sticky-section-no e-con e-child\" data-id=\"538078c\" data-element_type=\"container\">\n\t\t\t\t<div class=\"elementor-element elementor-element-a89d888 elementor-widget elementor-widget-image\" data-id=\"a89d888\" data-element_type=\"widget\" data-widget_type=\"image.default\">\n\t\t\t\t<div class=\"elementor-widget-container\">\n\t\t\t\t\t\t\t\t\t\t\t\t\t<img decoding=\"async\" src=\"https:\/\/yasateknoloji.com\/wp-content\/uploads\/elementor\/thumbs\/Gomulu-Yazilim-Gelistirme-1-min-qyam6jjtcyt0r1c4lye8irnfm44shsbc3cfelythc8.jpg\" title=\"G\u00f6m\u00fcl\u00fc Yaz\u0131l\u0131m Geli\u015ftirme 1-min\" alt=\"G\u00f6m\u00fcl\u00fc Yaz\u0131l\u0131m Geli\u015ftirme 1-min\" loading=\"lazy\" \/>\t\t\t\t\t\t\t\t\t\t\t\t\t<\/div>\n\t\t\t\t<\/div>\n\t\t\t\t<div class=\"elementor-element elementor-element-12878bd elementor-widget elementor-widget-heading\" data-id=\"12878bd\" data-element_type=\"widget\" data-widget_type=\"heading.default\">\n\t\t\t\t<div class=\"elementor-widget-container\">\n\t\t\t<h2 class=\"elementor-heading-title elementor-size-default\">Embedded Software Development<\/h2>\t\t<\/div>\n\t\t\t\t<\/div>\n\t\t\t\t<div class=\"elementor-element elementor-element-4eaeabe elementor-widget elementor-widget-text-editor\" data-id=\"4eaeabe\" data-element_type=\"widget\" data-widget_type=\"text-editor.default\">\n\t\t\t\t<div class=\"elementor-widget-container\">\n\t\t\t\t\t\t\t<p>We bring our customers' projects to life by providing the software support they need. Our embedded software development services provide the best possible support for hardware solutions and elevate your products to unparalleled levels of performance. Our software integrates with hardware and manufacturing processes, transforming your projects into a flying success story.<\/p><p>Contact us to take your business one step further with flexible, innovative and reliable software solutions!<\/p>\t\t\t\t\t\t<\/div>\n\t\t\t\t<\/div>\n\t\t\t\t<div class=\"elementor-element elementor-element-ba8765a elementor-widget elementor-widget-Artelligence Button\" data-id=\"ba8765a\" data-element_type=\"widget\" data-widget_type=\"Artelligence Button.default\">\n\t\t\t\t<div class=\"elementor-widget-container\">\n\t\t\t\t\t\t\t<div class=\"btn_wrapper_widget\" data-aos=\"fade-up\">\r\n\t\t\t\t\t<a  href=\"mailto:info@yasateknoloji.com\" class=\"primary-btn button-effect\">Get a Quote<i class=\"fas fa-chevron-right\"><\/i><\/a>\r\n\t\t\t\t<\/div>\r\n       \t\t \t\t<\/div>\n\t\t\t\t<\/div>\n\t\t\t\t<\/div>\n\t\t\t\t\t<\/div>\n\t\t\t\t<\/div>\n\t\t\t\t<\/div>","protected":false},"excerpt":{"rendered":"<p>G\u00f6m\u00fcl\u00fc Yaz\u0131l\u0131m Geli\u015ftirme M\u00fc\u015fterilerimizin ihtiya\u00e7 duydu\u011fu yaz\u0131l\u0131m deste\u011fini sunarak projelerine hayat veriyoruz. G\u00f6m\u00fcl\u00fc yaz\u0131l\u0131m geli\u015ftirme hizmetimiz, donan\u0131m \u00e7\u00f6z\u00fcmlerini en iyi \u015fekilde destekler ve \u00fcr\u00fcnlerinizi benzersiz bir performans seviyesine ta\u015f\u0131r. Donan\u0131m ve \u00fcretim s\u00fcre\u00e7leriyle entegre \u00e7al\u0131\u015fan yaz\u0131l\u0131mlar\u0131m\u0131z sayesinde, projeleriniz &#8220;\u00e7ift kanatla u\u00e7an&#8221; bir ba\u015far\u0131 hikayesine d\u00f6n\u00fc\u015f\u00fcr. Esnek, yenilik\u00e7i ve g\u00fcvenilir yaz\u0131l\u0131m \u00e7\u00f6z\u00fcmleriyle i\u015flerinizi bir ad\u0131m \u00f6teye ta\u015f\u0131mak i\u00e7in ileti\u015fime ge\u00e7in! Fiyat Teklifi Al<\/p>","protected":false},"author":1,"featured_media":11739,"parent":36,"menu_order":0,"comment_status":"closed","ping_status":"closed","template":"elementor_header_footer","meta":{"footnotes":""},"class_list":["post-26107","page","type-page","status-publish","has-post-thumbnail","hentry"],"_links":{"self":[{"href":"https:\/\/yasateknoloji.com\/en\/wp-json\/wp\/v2\/pages\/26107","targetHints":{"allow":["GET"]}}],"collection":[{"href":"https:\/\/yasateknoloji.com\/en\/wp-json\/wp\/v2\/pages"}],"about":[{"href":"https:\/\/yasateknoloji.com\/en\/wp-json\/wp\/v2\/types\/page"}],"author":[{"embeddable":true,"href":"https:\/\/yasateknoloji.com\/en\/wp-json\/wp\/v2\/users\/1"}],"replies":[{"embeddable":true,"href":"https:\/\/yasateknoloji.com\/en\/wp-json\/wp\/v2\/comments?post=26107"}],"version-history":[{"count":26,"href":"https:\/\/yasateknoloji.com\/en\/wp-json\/wp\/v2\/pages\/26107\/revisions"}],"predecessor-version":[{"id":27637,"href":"https:\/\/yasateknoloji.com\/en\/wp-json\/wp\/v2\/pages\/26107\/revisions\/27637"}],"up":[{"embeddable":true,"href":"https:\/\/yasateknoloji.com\/en\/wp-json\/wp\/v2\/pages\/36"}],"wp:featuredmedia":[{"embeddable":true,"href":"https:\/\/yasateknoloji.com\/en\/wp-json\/wp\/v2\/media\/11739"}],"wp:attachment":[{"href":"https:\/\/yasateknoloji.com\/en\/wp-json\/wp\/v2\/media?parent=26107"}],"curies":[{"name":"wp","href":"https:\/\/api.w.org\/{rel}","templated":true}]}}