{"id":26108,"date":"2024-12-04T14:35:02","date_gmt":"2024-12-04T14:35:02","guid":{"rendered":"https:\/\/yasateknoloji.com\/?page_id=26108"},"modified":"2025-09-09T03:45:50","modified_gmt":"2025-09-09T03:45:50","slug":"test","status":"publish","type":"page","link":"https:\/\/yasateknoloji.com\/en\/hizmetlerimiz\/test\/","title":{"rendered":"Test"},"content":{"rendered":"<div data-elementor-type=\"wp-page\" data-elementor-id=\"26108\" class=\"elementor elementor-26108\" data-elementor-post-type=\"page\">\n\t\t\t\t<div class=\"elementor-element elementor-element-be67504 e-flex e-con-boxed wpr-particle-no wpr-jarallax-no wpr-parallax-no wpr-sticky-section-no e-con e-parent\" data-id=\"be67504\" data-element_type=\"container\">\n\t\t\t\t\t<div class=\"e-con-inner\">\n\t\t<div class=\"elementor-element elementor-element-538078c e-con-full e-flex wpr-particle-no wpr-jarallax-no wpr-parallax-no wpr-sticky-section-no e-con e-child\" data-id=\"538078c\" data-element_type=\"container\">\n\t\t\t\t<div class=\"elementor-element elementor-element-a89d888 elementor-widget elementor-widget-image\" data-id=\"a89d888\" data-element_type=\"widget\" data-widget_type=\"image.default\">\n\t\t\t\t<div class=\"elementor-widget-container\">\n\t\t\t\t\t\t\t\t\t\t\t\t\t<img decoding=\"async\" src=\"https:\/\/yasateknoloji.com\/wp-content\/uploads\/elementor\/thumbs\/Test-1-min-qyam8f8711dnyyltmrndiakmduv7vzs0cned5w14w8.jpg\" title=\"Test 1-min\" alt=\"Test 1-min\" loading=\"lazy\" \/>\t\t\t\t\t\t\t\t\t\t\t\t\t<\/div>\n\t\t\t\t<\/div>\n\t\t\t\t<div class=\"elementor-element elementor-element-12878bd elementor-widget elementor-widget-heading\" data-id=\"12878bd\" data-element_type=\"widget\" data-widget_type=\"heading.default\">\n\t\t\t\t<div class=\"elementor-widget-container\">\n\t\t\t<h2 class=\"elementor-heading-title elementor-size-default\">Test<\/h2>\t\t<\/div>\n\t\t\t\t<\/div>\n\t\t\t\t<div class=\"elementor-element elementor-element-4eaeabe elementor-widget elementor-widget-text-editor\" data-id=\"4eaeabe\" data-element_type=\"widget\" data-widget_type=\"text-editor.default\">\n\t\t\t\t<div class=\"elementor-widget-container\">\n\t\t\t\t\t\t\t<p>We offer comprehensive testing services to ensure your products meet our stringent quality, durability, and performance standards. Each circuit board and component undergoes a custom-designed testing process to verify functionality and reliability.<\/p><p>We guarantee your products comply with international standards while minimizing errors. Our goal is to ensure your products operate flawlessly in the field.<\/p>\t\t\t\t\t\t<\/div>\n\t\t\t\t<\/div>\n\t\t\t\t<div class=\"elementor-element elementor-element-728b52a elementor-widget elementor-widget-Artelligence Button\" data-id=\"728b52a\" data-element_type=\"widget\" data-widget_type=\"Artelligence Button.default\">\n\t\t\t\t<div class=\"elementor-widget-container\">\n\t\t\t\t\t\t\t<div class=\"btn_wrapper_widget\" data-aos=\"fade-up\">\r\n\t\t\t\t\t<a  href=\"mailto:info@yasateknoloji.com\" class=\"primary-btn button-effect\">Get a Quote<i class=\"fas fa-chevron-right\"><\/i><\/a>\r\n\t\t\t\t<\/div>\r\n       \t\t \t\t<\/div>\n\t\t\t\t<\/div>\n\t\t\t\t<\/div>\n\t\t\t\t\t<\/div>\n\t\t\t\t<\/div>\n\t\t\t\t<\/div>","protected":false},"excerpt":{"rendered":"<p>Test \u00dcr\u00fcnlerinizin kalite, dayan\u0131kl\u0131l\u0131k ve performans standartlar\u0131n\u0131 kar\u015f\u0131lamas\u0131 i\u00e7in kapsaml\u0131 test hizmetleri sunuyoruz. Her bir devre ve bile\u015fen, \u00f6zel olarak tasarlanm\u0131\u015f test s\u00fcre\u00e7lerinden ge\u00e7erek i\u015flevselli\u011fi ve g\u00fcvenilirli\u011fi do\u011frulan\u0131r. Hatalar\u0131 minimuma indirirken \u00fcr\u00fcnlerinizin uluslararas\u0131 standartlara uygunlu\u011funu garanti ediyoruz. Hedefimiz, \u00fcr\u00fcnlerinizin sahada sorunsuz bir \u015fekilde \u00e7al\u0131\u015fmas\u0131n\u0131 sa\u011flamakt\u0131r. Fiyat Teklifi Al<\/p>","protected":false},"author":1,"featured_media":11739,"parent":36,"menu_order":0,"comment_status":"closed","ping_status":"closed","template":"elementor_header_footer","meta":{"footnotes":""},"class_list":["post-26108","page","type-page","status-publish","has-post-thumbnail","hentry"],"_links":{"self":[{"href":"https:\/\/yasateknoloji.com\/en\/wp-json\/wp\/v2\/pages\/26108","targetHints":{"allow":["GET"]}}],"collection":[{"href":"https:\/\/yasateknoloji.com\/en\/wp-json\/wp\/v2\/pages"}],"about":[{"href":"https:\/\/yasateknoloji.com\/en\/wp-json\/wp\/v2\/types\/page"}],"author":[{"embeddable":true,"href":"https:\/\/yasateknoloji.com\/en\/wp-json\/wp\/v2\/users\/1"}],"replies":[{"embeddable":true,"href":"https:\/\/yasateknoloji.com\/en\/wp-json\/wp\/v2\/comments?post=26108"}],"version-history":[{"count":26,"href":"https:\/\/yasateknoloji.com\/en\/wp-json\/wp\/v2\/pages\/26108\/revisions"}],"predecessor-version":[{"id":27640,"href":"https:\/\/yasateknoloji.com\/en\/wp-json\/wp\/v2\/pages\/26108\/revisions\/27640"}],"up":[{"embeddable":true,"href":"https:\/\/yasateknoloji.com\/en\/wp-json\/wp\/v2\/pages\/36"}],"wp:featuredmedia":[{"embeddable":true,"href":"https:\/\/yasateknoloji.com\/en\/wp-json\/wp\/v2\/media\/11739"}],"wp:attachment":[{"href":"https:\/\/yasateknoloji.com\/en\/wp-json\/wp\/v2\/media?parent=26108"}],"curies":[{"name":"wp","href":"https:\/\/api.w.org\/{rel}","templated":true}]}}