{"id":26109,"date":"2024-12-04T14:35:24","date_gmt":"2024-12-04T14:35:24","guid":{"rendered":"https:\/\/yasateknoloji.com\/?page_id=26109"},"modified":"2025-09-09T03:45:52","modified_gmt":"2025-09-09T03:45:52","slug":"komponent-ve-pcb-tedarigi","status":"publish","type":"page","link":"https:\/\/yasateknoloji.com\/en\/hizmetlerimiz\/komponent-ve-pcb-tedarigi\/","title":{"rendered":"Component and PCB Supply"},"content":{"rendered":"<div data-elementor-type=\"wp-page\" data-elementor-id=\"26109\" class=\"elementor elementor-26109\" data-elementor-post-type=\"page\">\n\t\t\t\t<div class=\"elementor-element elementor-element-be67504 e-flex e-con-boxed wpr-particle-no wpr-jarallax-no wpr-parallax-no wpr-sticky-section-no e-con e-parent\" data-id=\"be67504\" data-element_type=\"container\">\n\t\t\t\t\t<div class=\"e-con-inner\">\n\t\t<div class=\"elementor-element elementor-element-538078c e-con-full e-flex wpr-particle-no wpr-jarallax-no wpr-parallax-no wpr-sticky-section-no e-con e-child\" data-id=\"538078c\" data-element_type=\"container\">\n\t\t\t\t<div class=\"elementor-element elementor-element-a89d888 elementor-widget elementor-widget-image\" data-id=\"a89d888\" data-element_type=\"widget\" data-widget_type=\"image.default\">\n\t\t\t\t<div class=\"elementor-widget-container\">\n\t\t\t\t\t\t\t\t\t\t\t\t\t<img decoding=\"async\" src=\"https:\/\/yasateknoloji.com\/wp-content\/uploads\/elementor\/thumbs\/Komponent-ve-PCB-Tedarigi-1-min-qyalxdmgq49djwnd4hs6pkwn3vayg0xjtzfz5ueo08.jpg\" title=\"Komponent ve PCB Tedari\u011fi 1-min\" alt=\"Komponent ve PCB Tedari\u011fi 1-min\" loading=\"lazy\" \/>\t\t\t\t\t\t\t\t\t\t\t\t\t<\/div>\n\t\t\t\t<\/div>\n\t\t\t\t<div class=\"elementor-element elementor-element-12878bd elementor-widget elementor-widget-heading\" data-id=\"12878bd\" data-element_type=\"widget\" data-widget_type=\"heading.default\">\n\t\t\t\t<div class=\"elementor-widget-container\">\n\t\t\t<h2 class=\"elementor-heading-title elementor-size-default\">Component and PCB Supply<\/h2>\t\t<\/div>\n\t\t\t\t<\/div>\n\t\t\t\t<div class=\"elementor-element elementor-element-4eaeabe elementor-widget elementor-widget-text-editor\" data-id=\"4eaeabe\" data-element_type=\"widget\" data-widget_type=\"text-editor.default\">\n\t\t\t\t<div class=\"elementor-widget-container\">\n\t\t\t\t\t\t\t<p><span style=\"color: #000000;\"><strong>Quality Component Supply:<\/strong> We create a strong supply chain to deliver your projects on time and in full, with high-quality and reliable component procurement processes. By using original and certified components, we guarantee the performance and safety of every product.<\/span><\/p><p><span style=\"color: #000000;\"><strong>PCB Design and Manufacturing:<\/strong> We offer professional support throughout all PCB design and manufacturing processes. Whether prototyping or mass production, we ensure high quality and flexibility at every stage.<\/span><\/p><p><span style=\"color: #000000;\"><strong>Flexible Procurement Solutions:<\/strong> We offer flexible solutions tailored to our customers' needs in component and PCB procurement processes. We cater to all types of procurement needs, from small-volume production to large-scale mass production.<\/span><\/p>\t\t\t\t\t\t<\/div>\n\t\t\t\t<\/div>\n\t\t\t\t<div class=\"elementor-element elementor-element-2da944c elementor-widget elementor-widget-Artelligence Button\" data-id=\"2da944c\" data-element_type=\"widget\" data-widget_type=\"Artelligence Button.default\">\n\t\t\t\t<div class=\"elementor-widget-container\">\n\t\t\t\t\t\t\t<div class=\"btn_wrapper_widget\" data-aos=\"fade-up\">\r\n\t\t\t\t\t<a  href=\"mailto:info@yasateknoloji.com\" class=\"primary-btn button-effect\">Get a Quote<i class=\"fas fa-chevron-right\"><\/i><\/a>\r\n\t\t\t\t<\/div>\r\n       \t\t \t\t<\/div>\n\t\t\t\t<\/div>\n\t\t\t\t<\/div>\n\t\t\t\t\t<\/div>\n\t\t\t\t<\/div>\n\t\t\t\t<\/div>","protected":false},"excerpt":{"rendered":"<p>Komponent ve PCB Tedari\u011fi Kaliteli Komponent Tedari\u011fi: Y\u00fcksek kaliteli ve g\u00fcvenilir komponent tedarik s\u00fcre\u00e7leri ile projelerinizi zaman\u0131nda ve eksiksiz teslim edebilmek i\u00e7in g\u00fc\u00e7l\u00fc bir tedarik zinciri olu\u015fturuyoruz. Orijinal ve sertifikal\u0131 komponentler kullanarak her \u00fcr\u00fcn\u00fcn performans\u0131n\u0131 ve g\u00fcvenli\u011fini garanti ediyoruz. PCB Tasar\u0131m\u0131 ve \u0130malat\u0131: \u0130htiya\u00e7 duyulan t\u00fcm PCB tasar\u0131m ve imalat s\u00fcre\u00e7lerinde profesyonel destek sunuyoruz. \u0130ster prototip ister seri \u00fcretim olsun, her a\u015famada y\u00fcksek kalite ve esneklik sa\u011fl\u0131yoruz. Esnek Tedarik \u00c7\u00f6z\u00fcmleri: Komponent ve PCB tedarik s\u00fcre\u00e7lerinde, m\u00fc\u015fterilerimizin gereksinimlerine g\u00f6re \u00f6zelle\u015ftirilmi\u015f esnek \u00e7\u00f6z\u00fcmler sunuyoruz. K\u00fc\u00e7\u00fck hacimli \u00fcretimden b\u00fcy\u00fck \u00f6l\u00e7ekli seri \u00fcretime kadar her t\u00fcrl\u00fc tedarik ihtiyac\u0131n\u0131 kar\u015f\u0131l\u0131yoruz. Fiyat Teklifi Al<\/p>","protected":false},"author":1,"featured_media":11739,"parent":36,"menu_order":0,"comment_status":"closed","ping_status":"closed","template":"elementor_header_footer","meta":{"footnotes":""},"class_list":["post-26109","page","type-page","status-publish","has-post-thumbnail","hentry"],"_links":{"self":[{"href":"https:\/\/yasateknoloji.com\/en\/wp-json\/wp\/v2\/pages\/26109","targetHints":{"allow":["GET"]}}],"collection":[{"href":"https:\/\/yasateknoloji.com\/en\/wp-json\/wp\/v2\/pages"}],"about":[{"href":"https:\/\/yasateknoloji.com\/en\/wp-json\/wp\/v2\/types\/page"}],"author":[{"embeddable":true,"href":"https:\/\/yasateknoloji.com\/en\/wp-json\/wp\/v2\/users\/1"}],"replies":[{"embeddable":true,"href":"https:\/\/yasateknoloji.com\/en\/wp-json\/wp\/v2\/comments?post=26109"}],"version-history":[{"count":32,"href":"https:\/\/yasateknoloji.com\/en\/wp-json\/wp\/v2\/pages\/26109\/revisions"}],"predecessor-version":[{"id":27643,"href":"https:\/\/yasateknoloji.com\/en\/wp-json\/wp\/v2\/pages\/26109\/revisions\/27643"}],"up":[{"embeddable":true,"href":"https:\/\/yasateknoloji.com\/en\/wp-json\/wp\/v2\/pages\/36"}],"wp:featuredmedia":[{"embeddable":true,"href":"https:\/\/yasateknoloji.com\/en\/wp-json\/wp\/v2\/media\/11739"}],"wp:attachment":[{"href":"https:\/\/yasateknoloji.com\/en\/wp-json\/wp\/v2\/media?parent=26109"}],"curies":[{"name":"wp","href":"https:\/\/api.w.org\/{rel}","templated":true}]}}