{"id":26217,"date":"2024-12-04T16:05:56","date_gmt":"2024-12-04T16:05:56","guid":{"rendered":"https:\/\/yasateknoloji.com\/?page_id=26217"},"modified":"2025-09-26T11:33:17","modified_gmt":"2025-09-26T11:33:17","slug":"egitim-ve-ar-ge-kitleri","status":"publish","type":"page","link":"https:\/\/yasateknoloji.com\/en\/urunler\/egitim-ve-ar-ge-kitleri\/","title":{"rendered":"Training and R&amp;D Kits"},"content":{"rendered":"<div data-elementor-type=\"wp-page\" data-elementor-id=\"26217\" class=\"elementor elementor-26217\" data-elementor-post-type=\"page\">\n\t\t\t\t<div class=\"elementor-element elementor-element-236b369 study-section e-flex e-con-boxed wpr-particle-no wpr-jarallax-no wpr-parallax-no wpr-sticky-section-no e-con e-parent\" data-id=\"236b369\" data-element_type=\"container\" data-settings=\"{&quot;background_background&quot;:&quot;classic&quot;}\">\n\t\t\t\t\t<div class=\"e-con-inner\">\n\t\t<div class=\"elementor-element elementor-element-d793e2f e-con-full e-flex wpr-particle-no wpr-jarallax-no wpr-parallax-no wpr-sticky-section-no e-con e-child\" data-id=\"d793e2f\" data-element_type=\"container\">\n\t\t\t\t<div class=\"elementor-element elementor-element-c318aa6 animated-fast elementor-invisible elementor-widget elementor-widget-cpt\" data-id=\"c318aa6\" data-element_type=\"widget\" data-settings=\"{&quot;_animation&quot;:&quot;fadeInUp&quot;,&quot;_animation_delay&quot;:400}\" data-widget_type=\"cpt.default\">\n\t\t\t\t<div class=\"elementor-widget-container\">\n\t\t\t        <div class=\"style-2\">    \t<div class=\"study-section\">\r\n\t\t\t\t\t\t<div class=\"row\">\t\t\t\t\t<div class=\"col-xl-3 col-lg-6 col-md-6 col-sm-6 col-12\">\r\n\t\t\t\t\t\t<div class=\"case-box overlay\">\r\n\t\t\t\t\t\t\t<a href=\"https:\/\/yasateknoloji.com\/en\/urunler\/guc-modulu-pixhawk-2-1\/\" class=\"text-decoration-none\">\r\n\t\t\t\t\t\t\t\t<figure class=\"image mb-0\">\r\n\t\t\t\t\t\t\t\t\t<img decoding=\"async\" src=\"https:\/\/yasateknoloji.com\/wp-content\/uploads\/2024\/12\/GUC-MODULU-PIXHAWK-2-1.webp\" alt=\"\" class=\"img-fluid\">\r\n\t\t\t\t\t\t\t\t<\/figure>\r\n\t\t\t\t\t\t\t\t<div class=\"content\">\r\n\t\t\t\t\t\t\t\t\t<h4 class=\"elementor-heading-title\">POWER MODULE \u2013 PIXHAWK (2.1)<\/h4>\r\n\t\t\t\t\t\t\t\t<\/div>\r\n\t\t\t\t\t\t\t<\/a>\r\n\t\t\t\t\t\t<\/div>\r\n\t\t\t\t\t<\/div>\r\n\t\t\t\t\t\t\t\t\t\t<div class=\"col-xl-3 col-lg-6 col-md-6 col-sm-6 col-12\">\r\n\t\t\t\t\t\t<div class=\"case-box overlay\">\r\n\t\t\t\t\t\t\t<a href=\"https:\/\/yasateknoloji.com\/en\/case_study\/ubec-pro-5v-3a-2s-12s\/\" class=\"text-decoration-none\">\r\n\t\t\t\t\t\t\t\t<figure class=\"image mb-0\">\r\n\t\t\t\t\t\t\t\t\t<img decoding=\"async\" src=\"https:\/\/yasateknoloji.com\/wp-content\/uploads\/2024\/09\/UBEC-Pro-5V-3A-2S-12S-2.webp\" alt=\"\" class=\"img-fluid\">\r\n\t\t\t\t\t\t\t\t<\/figure>\r\n\t\t\t\t\t\t\t\t<div class=\"content\">\r\n\t\t\t\t\t\t\t\t\t<h4 class=\"elementor-heading-title\">UBEC Pro 5V \/ 3A (2S-12S)<\/h4>\r\n\t\t\t\t\t\t\t\t<\/div>\r\n\t\t\t\t\t\t\t<\/a>\r\n\t\t\t\t\t\t<\/div>\r\n\t\t\t\t\t<\/div>\r\n\t\t\t\t\t\t\t\t\t\t<div class=\"col-xl-3 col-lg-6 col-md-6 col-sm-6 col-12\">\r\n\t\t\t\t\t\t<div class=\"case-box overlay\">\r\n\t\t\t\t\t\t\t<a href=\"https:\/\/yasateknoloji.com\/en\/case_study\/ubec-5v-3a-2s-6s\/\" class=\"text-decoration-none\">\r\n\t\t\t\t\t\t\t\t<figure class=\"image mb-0\">\r\n\t\t\t\t\t\t\t\t\t<img decoding=\"async\" src=\"https:\/\/yasateknoloji.com\/wp-content\/uploads\/2024\/12\/UBEC-5V-3A-2S-6S-1.webp\" alt=\"\" class=\"img-fluid\">\r\n\t\t\t\t\t\t\t\t<\/figure>\r\n\t\t\t\t\t\t\t\t<div class=\"content\">\r\n\t\t\t\t\t\t\t\t\t<h4 class=\"elementor-heading-title\">UBEC 5V \/ 3A (2S-6S)<\/h4>\r\n\t\t\t\t\t\t\t\t<\/div>\r\n\t\t\t\t\t\t\t<\/a>\r\n\t\t\t\t\t\t<\/div>\r\n\t\t\t\t\t<\/div>\r\n\t\t\t\t\t\t\t\t\t\t<div class=\"col-xl-3 col-lg-6 col-md-6 col-sm-6 col-12\">\r\n\t\t\t\t\t\t<div class=\"case-box overlay\">\r\n\t\t\t\t\t\t\t<a href=\"https:\/\/yasateknoloji.com\/en\/case_study\/32-gb-data-logger\/\" class=\"text-decoration-none\">\r\n\t\t\t\t\t\t\t\t<figure class=\"image mb-0\">\r\n\t\t\t\t\t\t\t\t\t<img decoding=\"async\" src=\"https:\/\/yasateknoloji.com\/wp-content\/uploads\/2024\/09\/32-GB-Data-Logger-1-300x300-1.webp\" alt=\"\" class=\"img-fluid\">\r\n\t\t\t\t\t\t\t\t<\/figure>\r\n\t\t\t\t\t\t\t\t<div class=\"content\">\r\n\t\t\t\t\t\t\t\t\t<h4 class=\"elementor-heading-title\">32 GB DATA LOGGER<\/h4>\r\n\t\t\t\t\t\t\t\t<\/div>\r\n\t\t\t\t\t\t\t<\/a>\r\n\t\t\t\t\t\t<\/div>\r\n\t\t\t\t\t<\/div>\r\n\t\t\t\t\t<\/div>\t\t<\/div>\r\n\t\t<\/div>\r\n        \t\t<\/div>\n\t\t\t\t<\/div>\n\t\t<div class=\"elementor-element elementor-element-91101b0 e-con-full e-flex wpr-particle-no wpr-jarallax-no wpr-parallax-no wpr-sticky-section-no e-con e-child\" data-id=\"91101b0\" data-element_type=\"container\">\n\t\t<div class=\"elementor-element elementor-element-8b8417b e-con-full e-flex wpr-particle-no wpr-jarallax-no wpr-parallax-no wpr-sticky-section-no e-con e-child\" data-id=\"8b8417b\" data-element_type=\"container\">\n\t\t\t\t<div class=\"elementor-element elementor-element-98fce10 elementor-widget elementor-widget-Artelligence Button\" data-id=\"98fce10\" data-element_type=\"widget\" data-widget_type=\"Artelligence Button.default\">\n\t\t\t\t<div class=\"elementor-widget-container\">\n\t\t\t\t\t\t\t<div class=\"btn_wrapper_widget\" data-aos=\"fade-up\">\r\n\t\t\t\t\t<a  href=\"https:\/\/yasateknoloji.com\/en\/iletisim\/\" class=\"primary-btn button-effect\">Get a Quote<i class=\"fas fa-chevron-right\"><\/i><\/a>\r\n\t\t\t\t<\/div>\r\n       \t\t \t\t<\/div>\n\t\t\t\t<\/div>\n\t\t\t\t<\/div>\n\t\t\t\t<\/div>\n\t\t\t\t<\/div>\n\t\t\t\t\t<\/div>\n\t\t\t\t<\/div>\n\t\t\t\t<\/div>","protected":false},"excerpt":{"rendered":"<p>G\u00dc\u00c7 MOD\u00dcL\u00dc \u2013 PIXHAWK (2.1) UBEC Pro 5V \/ 3A (2S-12S) UBEC 5V \/ 3A (2S-6S) 32 GB DATA LOGGER Teklif Al\u0131n<\/p>","protected":false},"author":1,"featured_media":11739,"parent":26203,"menu_order":0,"comment_status":"closed","ping_status":"closed","template":"elementor_header_footer","meta":{"footnotes":""},"class_list":["post-26217","page","type-page","status-publish","has-post-thumbnail","hentry"],"_links":{"self":[{"href":"https:\/\/yasateknoloji.com\/en\/wp-json\/wp\/v2\/pages\/26217","targetHints":{"allow":["GET"]}}],"collection":[{"href":"https:\/\/yasateknoloji.com\/en\/wp-json\/wp\/v2\/pages"}],"about":[{"href":"https:\/\/yasateknoloji.com\/en\/wp-json\/wp\/v2\/types\/page"}],"author":[{"embeddable":true,"href":"https:\/\/yasateknoloji.com\/en\/wp-json\/wp\/v2\/users\/1"}],"replies":[{"embeddable":true,"href":"https:\/\/yasateknoloji.com\/en\/wp-json\/wp\/v2\/comments?post=26217"}],"version-history":[{"count":14,"href":"https:\/\/yasateknoloji.com\/en\/wp-json\/wp\/v2\/pages\/26217\/revisions"}],"predecessor-version":[{"id":27755,"href":"https:\/\/yasateknoloji.com\/en\/wp-json\/wp\/v2\/pages\/26217\/revisions\/27755"}],"up":[{"embeddable":true,"href":"https:\/\/yasateknoloji.com\/en\/wp-json\/wp\/v2\/pages\/26203"}],"wp:featuredmedia":[{"embeddable":true,"href":"https:\/\/yasateknoloji.com\/en\/wp-json\/wp\/v2\/media\/11739"}],"wp:attachment":[{"href":"https:\/\/yasateknoloji.com\/en\/wp-json\/wp\/v2\/media?parent=26217"}],"curies":[{"name":"wp","href":"https:\/\/api.w.org\/{rel}","templated":true}]}}