{"id":26543,"date":"2024-12-04T18:06:52","date_gmt":"2024-12-04T18:06:52","guid":{"rendered":"https:\/\/yasateknoloji.com\/?page_id=26543"},"modified":"2024-12-10T08:19:44","modified_gmt":"2024-12-10T08:19:44","slug":"egitim-ar-ge-kitleri","status":"publish","type":"page","link":"https:\/\/yasateknoloji.com\/en\/hizmetlerimiz\/egitim-ar-ge-kitleri\/","title":{"rendered":"E\u011fitim &#038; Ar-Ge Kitleri"},"content":{"rendered":"<div data-elementor-type=\"wp-page\" data-elementor-id=\"26543\" class=\"elementor elementor-26543\" data-elementor-post-type=\"page\">\n\t\t\t\t<div class=\"elementor-element elementor-element-be67504 e-flex e-con-boxed wpr-particle-no wpr-jarallax-no wpr-parallax-no wpr-sticky-section-no e-con e-parent\" data-id=\"be67504\" data-element_type=\"container\">\n\t\t\t\t\t<div class=\"e-con-inner\">\n\t\t<div class=\"elementor-element elementor-element-538078c e-con-full e-flex wpr-particle-no wpr-jarallax-no wpr-parallax-no wpr-sticky-section-no e-con e-child\" data-id=\"538078c\" data-element_type=\"container\">\n\t\t\t\t<div class=\"elementor-element elementor-element-a89d888 elementor-widget elementor-widget-image\" data-id=\"a89d888\" data-element_type=\"widget\" data-widget_type=\"image.default\">\n\t\t\t\t<div class=\"elementor-widget-container\">\n\t\t\t\t\t\t\t\t\t\t\t\t\t<img fetchpriority=\"high\" decoding=\"async\" width=\"2048\" height=\"1310\" src=\"https:\/\/yasateknoloji.com\/wp-content\/uploads\/2024\/12\/Egitim-Ar-Ge-Kitleri-1-min.jpg\" class=\"attachment-full size-full wp-image-26712\" alt=\"\" srcset=\"https:\/\/yasateknoloji.com\/wp-content\/uploads\/2024\/12\/Egitim-Ar-Ge-Kitleri-1-min.jpg 2048w, https:\/\/yasateknoloji.com\/wp-content\/uploads\/2024\/12\/Egitim-Ar-Ge-Kitleri-1-min-300x192.jpg 300w, https:\/\/yasateknoloji.com\/wp-content\/uploads\/2024\/12\/Egitim-Ar-Ge-Kitleri-1-min-1024x655.jpg 1024w, https:\/\/yasateknoloji.com\/wp-content\/uploads\/2024\/12\/Egitim-Ar-Ge-Kitleri-1-min-768x491.jpg 768w, https:\/\/yasateknoloji.com\/wp-content\/uploads\/2024\/12\/Egitim-Ar-Ge-Kitleri-1-min-1536x983.jpg 1536w, https:\/\/yasateknoloji.com\/wp-content\/uploads\/2024\/12\/Egitim-Ar-Ge-Kitleri-1-min-18x12.jpg 18w, https:\/\/yasateknoloji.com\/wp-content\/uploads\/2024\/12\/Egitim-Ar-Ge-Kitleri-1-min-600x384.jpg 600w\" sizes=\"(max-width: 2048px) 100vw, 2048px\" \/>\t\t\t\t\t\t\t\t\t\t\t\t\t<\/div>\n\t\t\t\t<\/div>\n\t\t\t\t<div class=\"elementor-element elementor-element-12878bd elementor-widget elementor-widget-heading\" data-id=\"12878bd\" data-element_type=\"widget\" data-widget_type=\"heading.default\">\n\t\t\t\t<div class=\"elementor-widget-container\">\n\t\t\t<h2 class=\"elementor-heading-title elementor-size-default\">Training and R&amp;D Kits<\/h2>\t\t<\/div>\n\t\t\t\t<\/div>\n\t\t\t\t<div class=\"elementor-element elementor-element-4eaeabe elementor-widget elementor-widget-text-editor\" data-id=\"4eaeabe\" data-element_type=\"widget\" data-widget_type=\"text-editor.default\">\n\t\t\t\t<div class=\"elementor-widget-container\">\n\t\t\t\t\t\t\t<p><span style=\"color: #000000;\">Gen\u00e7 M\u00fchendisler \u0130\u00e7in E\u011fitim Kitleri: Teknolojiye ilgi duyan gen\u00e7lere, m\u00fchendis adaylar\u0131na ve ara\u015ft\u0131rmac\u0131lara y\u00f6nelik e\u011fitim kitleri geli\u015ftiriyoruz. Kitlerimiz, teoriyi pratikle bulu\u015fturarak yeni nesil m\u00fchendislerin geli\u015fimine katk\u0131 sa\u011fl\u0131yor.<\/span><\/p><p><span style=\"color: #000000;\">Ar-Ge Kitleri ile \u0130novasyon: Ar-Ge s\u00fcre\u00e7lerinde ihtiya\u00e7 duyulan ara\u00e7lar\u0131 sunarak, kullan\u0131c\u0131 dostu kitler ile yenilik\u00e7i \u00e7\u00f6z\u00fcmler \u00fcretmeye olanak tan\u0131yoruz. Bu kitler, kullan\u0131c\u0131lar\u0131n teknolojik geli\u015fmeleri h\u0131zla \u00f6\u011frenmelerini ve projelerini ger\u00e7e\u011fe d\u00f6n\u00fc\u015ft\u00fcrmelerini sa\u011flar.<\/span><\/p><p><span style=\"color: #000000;\">E\u011fitimde Kalite ve G\u00fcvenilirlik: E\u011fitim kitlerimiz, kaliteli ve g\u00fcvenilir \u00fcr\u00fcnler sunarak m\u00fchendislik e\u011fitiminin her a\u015famas\u0131nda deste\u011fe ihtiya\u00e7 duyan herkesin yan\u0131ndad\u0131r. Bu sayede hem akademik hem de end\u00fcstriyel d\u00fczeyde fayda sa\u011fl\u0131yoruz.<\/span><\/p>\t\t\t\t\t\t<\/div>\n\t\t\t\t<\/div>\n\t\t\t\t<div class=\"elementor-element elementor-element-1ef91ae elementor-widget elementor-widget-Artelligence Button\" data-id=\"1ef91ae\" data-element_type=\"widget\" data-widget_type=\"Artelligence Button.default\">\n\t\t\t\t<div class=\"elementor-widget-container\">\n\t\t\t\t\t\t\t<div class=\"btn_wrapper_widget\" data-aos=\"fade-up\">\r\n\t\t\t\t\t<a  href=\"https:\/\/yasateknoloji.com\/en\/hizmetlerimiz\/\" class=\"primary-btn button-effect\">\u00dccretsiz Fiyat Teklifi  \u0130steyin!<i class=\"fas fa-chevron-right\"><\/i><\/a>\r\n\t\t\t\t<\/div>\r\n       \t\t \t\t<\/div>\n\t\t\t\t<\/div>\n\t\t\t\t<\/div>\n\t\t\t\t\t<\/div>\n\t\t\t\t<\/div>\n\t\t\t\t<\/div>","protected":false},"excerpt":{"rendered":"<p>E\u011fitim &amp; Ar-Ge Kitleri Gen\u00e7 M\u00fchendisler \u0130\u00e7in E\u011fitim Kitleri: Teknolojiye ilgi duyan gen\u00e7lere, m\u00fchendis adaylar\u0131na ve ara\u015ft\u0131rmac\u0131lara y\u00f6nelik e\u011fitim kitleri geli\u015ftiriyoruz. Kitlerimiz, teoriyi pratikle bulu\u015fturarak yeni nesil m\u00fchendislerin geli\u015fimine katk\u0131 sa\u011fl\u0131yor. Ar-Ge Kitleri ile \u0130novasyon: Ar-Ge s\u00fcre\u00e7lerinde ihtiya\u00e7 duyulan ara\u00e7lar\u0131 sunarak, kullan\u0131c\u0131 dostu kitler ile yenilik\u00e7i \u00e7\u00f6z\u00fcmler \u00fcretmeye olanak tan\u0131yoruz. Bu kitler, kullan\u0131c\u0131lar\u0131n teknolojik geli\u015fmeleri h\u0131zla \u00f6\u011frenmelerini ve projelerini ger\u00e7e\u011fe d\u00f6n\u00fc\u015ft\u00fcrmelerini sa\u011flar. E\u011fitimde Kalite ve G\u00fcvenilirlik: E\u011fitim kitlerimiz, kaliteli ve g\u00fcvenilir \u00fcr\u00fcnler sunarak m\u00fchendislik e\u011fitiminin her a\u015famas\u0131nda deste\u011fe ihtiya\u00e7 duyan herkesin yan\u0131ndad\u0131r. Bu sayede hem akademik hem de end\u00fcstriyel d\u00fczeyde fayda sa\u011fl\u0131yoruz. \u00dccretsiz Fiyat Teklifi \u0130steyin!<\/p>","protected":false},"author":1,"featured_media":11739,"parent":36,"menu_order":0,"comment_status":"closed","ping_status":"closed","template":"elementor_header_footer","meta":{"footnotes":""},"class_list":["post-26543","page","type-page","status-publish","has-post-thumbnail","hentry"],"_links":{"self":[{"href":"https:\/\/yasateknoloji.com\/en\/wp-json\/wp\/v2\/pages\/26543","targetHints":{"allow":["GET"]}}],"collection":[{"href":"https:\/\/yasateknoloji.com\/en\/wp-json\/wp\/v2\/pages"}],"about":[{"href":"https:\/\/yasateknoloji.com\/en\/wp-json\/wp\/v2\/types\/page"}],"author":[{"embeddable":true,"href":"https:\/\/yasateknoloji.com\/en\/wp-json\/wp\/v2\/users\/1"}],"replies":[{"embeddable":true,"href":"https:\/\/yasateknoloji.com\/en\/wp-json\/wp\/v2\/comments?post=26543"}],"version-history":[{"count":8,"href":"https:\/\/yasateknoloji.com\/en\/wp-json\/wp\/v2\/pages\/26543\/revisions"}],"predecessor-version":[{"id":26715,"href":"https:\/\/yasateknoloji.com\/en\/wp-json\/wp\/v2\/pages\/26543\/revisions\/26715"}],"up":[{"embeddable":true,"href":"https:\/\/yasateknoloji.com\/en\/wp-json\/wp\/v2\/pages\/36"}],"wp:featuredmedia":[{"embeddable":true,"href":"https:\/\/yasateknoloji.com\/en\/wp-json\/wp\/v2\/media\/11739"}],"wp:attachment":[{"href":"https:\/\/yasateknoloji.com\/en\/wp-json\/wp\/v2\/media?parent=26543"}],"curies":[{"name":"wp","href":"https:\/\/api.w.org\/{rel}","templated":true}]}}